{"id":95,"date":"2019-11-01T10:11:25","date_gmt":"2019-11-01T10:11:25","guid":{"rendered":"https:\/\/lernspatzen.de\/?page_id=95"},"modified":"2025-02-25T07:01:12","modified_gmt":"2025-02-25T07:01:12","slug":"formulare","status":"publish","type":"page","link":"https:\/\/lernspatzen.de\/?page_id=95","title":{"rendered":"Formulare"},"content":{"rendered":"\n<p><strong>NEU HORTANMELDUNG seit 2021\/2022<\/strong><\/p>\n\n\n\n<p>F\u00fcr den Hortbesuch ist es notwendig die Hortanmeldungen auszuf\u00fcllen. <br>Der Antrag auf Erm\u00e4\u00dfigung ist freiwillig. <\/p>\n\n\n\n<p>Die unten eingef\u00fcgten Formulare m\u00fcssen ausgef\u00fcllt<strong> in der Schule<\/strong> eingereicht werden.<\/p>\n\n\n\n<p>Das Formular f\u00fcr die Erm\u00e4\u00dfigung sowie die entsprechenden Einkommensunterlagen werden in einem verschlossenen Umschlag, <strong>versehen mit Name der Schule und vollst\u00e4ndigen Namen des Kindes<\/strong> <br>ebenfalls in der Schule abgegeben. <\/p>\n\n\n\n<p><strong><a href=\"https:\/\/lernspatzen.de\/wp-content\/uploads\/2024\/02\/Hortanmeldung.pdf\" target=\"_blank\" rel=\"noreferrer noopener\">Hortanmeldung<\/a><\/strong>   <\/p>\n\n\n\n<p><strong><a href=\"https:\/\/lernspatzen.de\/wp-content\/uploads\/2024\/02\/Folgeanmeldung.pdf\" target=\"_blank\" rel=\"noreferrer noopener\">Folgeanmeldung Hort<\/a><\/strong><\/p>\n\n\n\n<p><strong>WEITERE SCHULFORMULARE<\/strong><\/p>\n\n\n\n<p><a href=\"https:\/\/lernspatzen.de\/wp-content\/uploads\/2025\/02\/Schuelerdaten_Erfassungsbogen_Neuaufnahme_GS_NEU.pdf\" target=\"_blank\" rel=\"noreferrer noopener\">allgemeine Neuaufnahme<\/a> in unsere Schule z. B. bei Umzug<br>dazugeh\u00f6riges<a href=\"https:\/\/lernspatzen.de\/wp-content\/uploads\/2022\/03\/Merkblatt-2.pdf\" target=\"_blank\" rel=\"noreferrer noopener\"> Merkblatt<\/a><\/p>\n\n\n\n<p>Antrag auf <a href=\"https:\/\/lernspatzen.de\/wp-content\/uploads\/2022\/05\/doc01128820220520081250.pdf\" target=\"_blank\" rel=\"noreferrer noopener\">Beurlaubung<\/a><\/p>\n\n\n\n<p><a href=\"https:\/\/lernspatzen.de\/wp-content\/uploads\/2024\/02\/Gastschulantrag.pdf\" target=\"_blank\" rel=\"noreferrer noopener\">Gastschulantrag<\/a><\/p>\n\n\n\n<p>Information <a href=\"https:\/\/lernspatzen.de\/wp-content\/uploads\/2024\/02\/doc02108620240226125257.pdf\" target=\"_blank\" rel=\"noreferrer noopener\">Schwimmunterricht 3. Klasse<\/a><\/p>\n\n\n\n<p>Merkblatt <a href=\"https:\/\/lernspatzen.de\/wp-content\/uploads\/2024\/02\/Merkblatt-Infektionsschutz.pdf\" target=\"_blank\" rel=\"noreferrer noopener\">Infektionsschutz<\/a><\/p>\n\n\n\n<p>Merkblatt <a href=\"https:\/\/lernspatzen.de\/wp-content\/uploads\/2024\/02\/Merkblatt-Kopflaeuse.pdf\" target=\"_blank\" rel=\"noreferrer noopener\">Kopfl\u00e4use<\/a><\/p>\n\n\n\n<p><a href=\"https:\/\/lernspatzen.de\/wp-content\/uploads\/2021\/02\/Aenderungsmitteilungen_Abholberechtigung.pdf\" target=\"_blank\" rel=\"noreferrer noopener\">\u00c4nderungsmitteilung<\/a><br>bei \u00c4nderungen der pers\u00f6nl. Angaben, wie z.B.<br>Adresse, Telefon, Handy, Familienstand, Name etc.<\/p>\n\n\n\n<p><strong>Schulessen: <\/strong><br><a href=\"https:\/\/lernspatzen.de\/wp-content\/uploads\/2024\/02\/doc02108420240226121732.pdf\">Anmeldung Schulspeisung<\/a><br><a href=\"https:\/\/lernspatzen.de\/wp-content\/uploads\/2024\/02\/Antrag-Zuschuss-Schuelerspeisung-ab-02_2024.pdf\" target=\"_blank\" rel=\"noreferrer noopener\">Antrag auf Zuschuss<\/a> Sch\u00fclerspeisung <\/p>\n\n\n\n<p><strong>Entschuldigung bei Krankheit der Kinder<\/strong>:<br>Ist ein Kind krank, so muss es bis 08:00 Uhr telefonisch (03671\/641001) oder per Mail (gs-gorndorf@stadt-saalfeld.de) abgemeldet werden.<\/p>\n\n\n\n<p><em>Informationen der Th\u00fcringer Schulordnung Th\u00fcrSchO, Stand Okt. 2018<\/em><\/p>\n\n\n\n<p><em>\u00a7 5 Verhinderung<\/em><\/p>\n\n\n\n<p><em> (1) Ist ein Sch\u00fcler aus zwingenden Gr\u00fcnden verhindert, am Unterricht oder an einer sonstigen verbindlichen Schulveranstaltung teilzunehmen, so ist die Schule unverz\u00fcglich von den Eltern unter Angabe des Grundes zu verst\u00e4ndigen. (2) Bei Erkrankung an mehr als drei aufeinanderfolgenden Unterrichtstagen ist bei Wiederbesuch der Schule eine Mitteilung der Eltern \u00fcber die Dauer der Krankheit vorzulegen. Dauert die Erkrankung mehr als 10 Unterrichtstage, so kann die Schule die Vorlage eines \u00e4rztlichen Zeugnisses verlangen. H\u00e4ufen sich krankheitsbedingte Schulvers\u00e4umnisse oder bestehen an der Erkrankung Zweifel, so kann die Schule die Vorlage eines \u00e4rztlichen oder schul\u00e4rztlichen Zeugnisses verlangen.<\/em><br><br><strong>Die Abmeldung beim Essenanbieter <\/strong>ist ebenfalls bis 08:00 Uhr durch die Eltern zu t\u00e4tigen (Tel. 03679\/727370).<\/p>\n","protected":false},"excerpt":{"rendered":"<p>NEU HORTANMELDUNG seit 2021\/2022 F\u00fcr den Hortbesuch ist es notwendig die Hortanmeldungen auszuf\u00fcllen. Der Antrag auf Erm\u00e4\u00dfigung ist freiwillig. Die unten eingef\u00fcgten Formulare m\u00fcssen ausgef\u00fcllt in der Schule eingereicht werden. Das Formular f\u00fcr die Erm\u00e4\u00dfigung sowie die entsprechenden Einkommensunterlagen werden in einem verschlossenen Umschlag, versehen mit Name der Schule und vollst\u00e4ndigen Namen des Kindes ebenfalls [&hellip;]<\/p>\n","protected":false},"author":1,"featured_media":0,"parent":0,"menu_order":0,"comment_status":"closed","ping_status":"closed","template":"","meta":{"footnotes":""},"class_list":["post-95","page","type-page","status-publish","hentry"],"_links":{"self":[{"href":"https:\/\/lernspatzen.de\/index.php?rest_route=\/wp\/v2\/pages\/95","targetHints":{"allow":["GET"]}}],"collection":[{"href":"https:\/\/lernspatzen.de\/index.php?rest_route=\/wp\/v2\/pages"}],"about":[{"href":"https:\/\/lernspatzen.de\/index.php?rest_route=\/wp\/v2\/types\/page"}],"author":[{"embeddable":true,"href":"https:\/\/lernspatzen.de\/index.php?rest_route=\/wp\/v2\/users\/1"}],"replies":[{"embeddable":true,"href":"https:\/\/lernspatzen.de\/index.php?rest_route=%2Fwp%2Fv2%2Fcomments&post=95"}],"version-history":[{"count":78,"href":"https:\/\/lernspatzen.de\/index.php?rest_route=\/wp\/v2\/pages\/95\/revisions"}],"predecessor-version":[{"id":2576,"href":"https:\/\/lernspatzen.de\/index.php?rest_route=\/wp\/v2\/pages\/95\/revisions\/2576"}],"wp:attachment":[{"href":"https:\/\/lernspatzen.de\/index.php?rest_route=%2Fwp%2Fv2%2Fmedia&parent=95"}],"curies":[{"name":"wp","href":"https:\/\/api.w.org\/{rel}","templated":true}]}}