{"id":78,"date":"2019-11-01T10:04:21","date_gmt":"2019-11-01T10:04:21","guid":{"rendered":"https:\/\/lernspatzen.de\/?page_id=78"},"modified":"2020-09-07T17:24:06","modified_gmt":"2020-09-07T17:24:06","slug":"unterrichtszeiten","status":"publish","type":"page","link":"https:\/\/lernspatzen.de\/?page_id=78","title":{"rendered":"Leitbild"},"content":{"rendered":"\n<p style=\"text-align:center\"><strong>Gemeinsam leben, lernen\nund lachen<\/strong><\/p>\n\n\n\n<p style=\"text-align:center\"><strong>Kinder brauchen feste Wurzeln, um sp\u00e4ter die Welt zu erobern<\/strong><\/p>\n\n\n\n<div class=\"wp-block-image\"><figure class=\"aligncenter is-resized\"><img loading=\"lazy\" decoding=\"async\" src=\"https:\/\/lernspatzen.de\/wp-content\/uploads\/2019\/11\/sun-304872_960_720.png\" alt=\"\" class=\"wp-image-283\" width=\"264\" height=\"253\" srcset=\"https:\/\/lernspatzen.de\/wp-content\/uploads\/2019\/11\/sun-304872_960_720.png 752w, https:\/\/lernspatzen.de\/wp-content\/uploads\/2019\/11\/sun-304872_960_720-300x287.png 300w\" sizes=\"auto, (max-width: 264px) 100vw, 264px\" \/><\/figure><\/div>\n\n\n\n<p>Schulleben:<\/p>\n\n\n\n<ul class=\"wp-block-list\"><li>F\u00f6rderung der Individualit\u00e4t und Weltoffenheit<\/li><li>Gemeinschaftsgef\u00fchl entwickeln durch Exkursionen, Schulfeste, Klassenfahrten, Theater&#8230;<\/li><li>Festhalten an Traditionen (Martinstag, Schulprojekte)<\/li><li>Schulhausgestaltung nach den Festen im Jahreskreis<\/li><li>Klima und Umweltschutz (M\u00fclltrennung, Umweltschule)<\/li><\/ul>\n\n\n\n<p>Unterricht:<\/p>\n\n\n\n<ul class=\"wp-block-list\"><li>kindgerechte, methodenvielf\u00e4ltige und bewegte Vermittlung des <ul><li>Lernstoffesfreie Phasen<\/li><li>differenziertes Lernen<\/li><li>offenen Lernformen<\/li><li>zus\u00e4tzliche Lernangebote<\/li><\/ul><\/li><li>F\u00f6rderung der Selbst\u00e4ndigkeit<\/li><li>effektive Nutzung der 1-3j\u00e4hrigen Verweildauer in der Schuleingangsphase<\/li><li>das Lernen im gemeinsamen Unterricht mit F\u00f6rderp\u00e4dagogen<\/li><li>gute Schul- und Lernkultur<ul><li>h\u00f6flich<\/li><li>wertsch\u00e4tzend<\/li><li>gewaltfrei<\/li><li>empathisch<\/li><\/ul><\/li><li>transparente Leistungsbeurteilung<\/li><li>Gesundheitskonzept<ul><li>Woche der gesunden Lebensweise<\/li><li>Zu Fu\u00df zur Schule<\/li><li>Bewegungsangebote im Unterricht und in den Pausen<\/li><li>Zusammenarbeit mit ortsans\u00e4ssigen Sportvereinen<\/li><li>Schulobstprogramm<\/li><li>Pr\u00e4ventionskonzept der DAK \u201eFir4future\u201c<\/li><\/ul><\/li><li>Verkehrserziehung\/ Fahrradausbildung<\/li><li>Medienkonzept<\/li><li>Lesef\u00f6rderung<\/li><\/ul>\n\n\n\n<p>Hort:<\/p>\n\n\n\n<ul class=\"wp-block-list\"><li>Einsatz der Erzieher am Schulvormittag<\/li><li>Betreuung beim Mittagessen<\/li><li>Hilfe bei der Hausaufgabenanfertigung<\/li><li>Freizeitangebote am Nachmittag<ul><li>Freies Spielen<\/li><\/ul><ul><li>Arbeitsgemeinschaften<\/li><\/ul><ul><li>Clubnachmittage<\/li><\/ul><\/li><\/ul>\n\n\n\n<p>Kollegium:<\/p>\n\n\n\n<ul class=\"wp-block-list\"><li>Arbeit in multiprofessionellen Teams<\/li><li>Zweitbesetzung im Unterricht<ul><li>Deutsch als Zweitsprache<\/li><\/ul><ul><li>Zusammenarbeit mit Logop\u00e4den, Ergotherapeuten, Kinderpsychologen<\/li><\/ul><ul><li>F\u00f6rderlehrer im Gemeinsamen Unterricht<\/li><\/ul><ul><li>Erzieher am Schulvormittag<\/li><\/ul><ul><li>Sozialarbeiter<\/li><\/ul><\/li><li>Fortbildung der P\u00e4dagogen<\/li><\/ul>\n\n\n\n<p>Eltern:<\/p>\n\n\n\n<ul class=\"wp-block-list\"><li>Elternabende<\/li><li>Wahl der Elternvertretungen<\/li><li>Mitarbeit in der Schulkonferenz<\/li><li>Elterngespr\u00e4che<\/li><li>Kompetenzgespr\u00e4che<\/li><li>Zeugnisgespr\u00e4che<\/li><li>Mithilfe bei Schulveranstaltungen<\/li><li>Mitarbeit im F\u00f6rderverein<\/li><\/ul>\n\n\n\n<p>Kooperation:<\/p>\n\n\n\n<ul class=\"wp-block-list\"><li>F\u00f6rderverein<\/li><li>Kindertageseinrichtungen<\/li><li>Sportvereine<\/li><li>Weiterf\u00fchrende Schulen<\/li><li>Bibliothek Saalfeld<\/li><li>Fitnessstudio Life<\/li><li>Schultr\u00e4ger Stadt Saalfeld<\/li><li>NABU<\/li><li>Jugendverkehrsschule<\/li><\/ul>\n\n\n\n<p>\u00d6ffentlichkeitsarbeit:<\/p>\n\n\n\n<ul class=\"wp-block-list\"><li>Homepage<\/li><li>Stadtteilzeitung<\/li><li>Tomatokus (kostenfreie Saalfelder Zeitung f\u00fcr Kinder)<\/li><li>\u00d6rtliche Presse OTZ<\/li><li>Schulportrait<\/li><li>Feste und Traditionen<\/li><\/ul>\n\n\n\n<p>\u00dcberg\u00e4nge:<\/p>\n\n\n\n<ul class=\"wp-block-list\"><li>Kooperationsvertr\u00e4ge mit den Kindertageseinrichtungen im Stadtteil Gorndorf<\/li><li>Schnupperkurs f\u00fcr die k\u00fcnftigen Schulanf\u00e4nger von Dezember bis Juni<\/li><li>Informationsveranstaltungen f\u00fcr Eltern<\/li><li>Besuch der weiterf\u00fchrenden Schulen RS Gorndorf und ERGymnasium<\/li><li>Gemeinsame Projekte mit Kitas, RS, Gymn., Jettina (G-Schule)<\/li><li>Gemeinsame thematische Beratungen zwischen Erziehern und P\u00e4dagogen zu den \u00dcberg\u00e4ngen (Beratungslehrer)<\/li><li>Hospitationsangebote f\u00fcr die zuk\u00fcnftigen Klassenleiter<\/li><\/ul>\n","protected":false},"excerpt":{"rendered":"<p>Gemeinsam leben, lernen und lachen Kinder brauchen feste Wurzeln, um sp\u00e4ter die Welt zu erobern Schulleben: F\u00f6rderung der Individualit\u00e4t und Weltoffenheit Gemeinschaftsgef\u00fchl entwickeln durch Exkursionen, Schulfeste, Klassenfahrten, Theater&#8230; Festhalten an Traditionen (Martinstag, Schulprojekte) Schulhausgestaltung nach den Festen im Jahreskreis Klima und Umweltschutz (M\u00fclltrennung, Umweltschule) Unterricht: kindgerechte, methodenvielf\u00e4ltige und bewegte Vermittlung des Lernstoffesfreie Phasen differenziertes Lernen [&hellip;]<\/p>\n","protected":false},"author":1,"featured_media":0,"parent":0,"menu_order":0,"comment_status":"closed","ping_status":"closed","template":"","meta":{"footnotes":""},"class_list":["post-78","page","type-page","status-publish","hentry"],"_links":{"self":[{"href":"https:\/\/lernspatzen.de\/index.php?rest_route=\/wp\/v2\/pages\/78","targetHints":{"allow":["GET"]}}],"collection":[{"href":"https:\/\/lernspatzen.de\/index.php?rest_route=\/wp\/v2\/pages"}],"about":[{"href":"https:\/\/lernspatzen.de\/index.php?rest_route=\/wp\/v2\/types\/page"}],"author":[{"embeddable":true,"href":"https:\/\/lernspatzen.de\/index.php?rest_route=\/wp\/v2\/users\/1"}],"replies":[{"embeddable":true,"href":"https:\/\/lernspatzen.de\/index.php?rest_route=%2Fwp%2Fv2%2Fcomments&post=78"}],"version-history":[{"count":11,"href":"https:\/\/lernspatzen.de\/index.php?rest_route=\/wp\/v2\/pages\/78\/revisions"}],"predecessor-version":[{"id":817,"href":"https:\/\/lernspatzen.de\/index.php?rest_route=\/wp\/v2\/pages\/78\/revisions\/817"}],"wp:attachment":[{"href":"https:\/\/lernspatzen.de\/index.php?rest_route=%2Fwp%2Fv2%2Fmedia&parent=78"}],"curies":[{"name":"wp","href":"https:\/\/api.w.org\/{rel}","templated":true}]}}