{"id":74,"date":"2019-11-01T10:03:02","date_gmt":"2019-11-01T10:03:02","guid":{"rendered":"https:\/\/lernspatzen.de\/?page_id=74"},"modified":"2020-01-05T17:59:48","modified_gmt":"2020-01-05T17:59:48","slug":"konzept","status":"publish","type":"page","link":"https:\/\/lernspatzen.de\/?page_id=74","title":{"rendered":"Wir \u00fcber uns"},"content":{"rendered":"\n<p>F\u00fcr eine\ngesunde Entwicklung brauchen Kinder mehr als nur Nahrung und ein Dach \u00fcber dem\nKopf. Der Wunsch nach N\u00e4he zu vertrauten Personen sowie das Bed\u00fcrfnis nach\nSicherheit und Schutz geh\u00f6ren ebenso dazu, wie der Drang Neues zu erleben und\ndie Welt zu erkunden. (T. Berry Brazelton)<\/p>\n\n\n\n<p>Unsere\nwichtigste Aufgabe als Grundschule ist unseren Sch\u00fclerInnen das Lesen,\nSchreiben und Rechnen zu vermitteln. Kenntnisse \u00fcber ihre Umwelt, Kreativit\u00e4t,\nSportlichkeit, Selbstbewusstsein, Empathie sollen vermittelt, ausgepr\u00e4gt und\nvertieft werden. Wir sind bestrebt, daf\u00fcr eine Atmosph\u00e4re zu bieten, in der\nsich die Kinder wohl und sicher f\u00fchlen und ihre Pers\u00f6nlichkeit entwickeln\nd\u00fcrfen. Die M\u00e4dchen und Jungen sollen bef\u00e4higt werden, eigenst\u00e4ndig und\neigenverantwortlich zu lernen und zu handeln.<\/p>\n\n\n\n<p>Wir wollen\neine Schule sein:<\/p>\n\n\n\n<ul class=\"wp-block-list\"><li>die die Pers\u00f6nlichkeit eines jeden Kindes respektiert<\/li><li>die sie als gleichberechtigte Partner im Lernprozess wahrnimmt<\/li><li>die ihnen Geborgenheit und Sicherheit bietet<\/li><li>in der sich die Kinder wohlf\u00fchlen<\/li><li>die die unterschiedlichen Lernvoraussetzungen der Sch\u00fcler beachtet<\/li><li>in der alle Partner eng zusammenarbeiten<\/li><li>in der sich die P\u00e4dagogen f\u00fcr eine hohe Qualit\u00e4t des Unterrichts engagieren<\/li><li>die die Kinder \u201efit f\u00fcr die Zukunft\u201c macht<\/li><\/ul>\n\n\n\n<figure class=\"wp-block-image\"><img loading=\"lazy\" decoding=\"async\" width=\"1024\" height=\"768\" src=\"https:\/\/lernspatzen.de\/wp-content\/uploads\/2020\/01\/IMG-20191119-WA0006-1024x768.jpg\" alt=\"\" class=\"wp-image-342\" srcset=\"https:\/\/lernspatzen.de\/wp-content\/uploads\/2020\/01\/IMG-20191119-WA0006-1024x768.jpg 1024w, https:\/\/lernspatzen.de\/wp-content\/uploads\/2020\/01\/IMG-20191119-WA0006-300x225.jpg 300w, https:\/\/lernspatzen.de\/wp-content\/uploads\/2020\/01\/IMG-20191119-WA0006-768x576.jpg 768w, https:\/\/lernspatzen.de\/wp-content\/uploads\/2020\/01\/IMG-20191119-WA0006.jpg 1600w\" sizes=\"auto, (max-width: 1024px) 100vw, 1024px\" \/><\/figure>\n","protected":false},"excerpt":{"rendered":"<p>F\u00fcr eine gesunde Entwicklung brauchen Kinder mehr als nur Nahrung und ein Dach \u00fcber dem Kopf. Der Wunsch nach N\u00e4he zu vertrauten Personen sowie das Bed\u00fcrfnis nach Sicherheit und Schutz geh\u00f6ren ebenso dazu, wie der Drang Neues zu erleben und die Welt zu erkunden. (T. Berry Brazelton) Unsere wichtigste Aufgabe als Grundschule ist unseren Sch\u00fclerInnen [&hellip;]<\/p>\n","protected":false},"author":1,"featured_media":0,"parent":0,"menu_order":0,"comment_status":"closed","ping_status":"closed","template":"","meta":{"footnotes":""},"class_list":["post-74","page","type-page","status-publish","hentry"],"_links":{"self":[{"href":"https:\/\/lernspatzen.de\/index.php?rest_route=\/wp\/v2\/pages\/74","targetHints":{"allow":["GET"]}}],"collection":[{"href":"https:\/\/lernspatzen.de\/index.php?rest_route=\/wp\/v2\/pages"}],"about":[{"href":"https:\/\/lernspatzen.de\/index.php?rest_route=\/wp\/v2\/types\/page"}],"author":[{"embeddable":true,"href":"https:\/\/lernspatzen.de\/index.php?rest_route=\/wp\/v2\/users\/1"}],"replies":[{"embeddable":true,"href":"https:\/\/lernspatzen.de\/index.php?rest_route=%2Fwp%2Fv2%2Fcomments&post=74"}],"version-history":[{"count":4,"href":"https:\/\/lernspatzen.de\/index.php?rest_route=\/wp\/v2\/pages\/74\/revisions"}],"predecessor-version":[{"id":381,"href":"https:\/\/lernspatzen.de\/index.php?rest_route=\/wp\/v2\/pages\/74\/revisions\/381"}],"wp:attachment":[{"href":"https:\/\/lernspatzen.de\/index.php?rest_route=%2Fwp%2Fv2%2Fmedia&parent=74"}],"curies":[{"name":"wp","href":"https:\/\/api.w.org\/{rel}","templated":true}]}}