{"id":2407,"date":"2024-01-29T09:21:54","date_gmt":"2024-01-29T09:21:54","guid":{"rendered":"https:\/\/lernspatzen.de\/?page_id=2407"},"modified":"2024-01-29T09:24:45","modified_gmt":"2024-01-29T09:24:45","slug":"bewegte-kinder-sind-gesuendere-kinder","status":"publish","type":"page","link":"https:\/\/lernspatzen.de\/?page_id=2407","title":{"rendered":"Bewegte Kinder sind ges\u00fcndere Kinder"},"content":{"rendered":"\n<p><strong>\u201eBewegte Kinder = ges\u00fcndere Kinder\u201c<\/strong><br>Um diese \u201eFormel zu l\u00f6sen\u201c, gestaltete die Grundschule \u201eAm Roten Berg\u201c am Montag, dem<br><strong>20.11.2023<\/strong> ihren \u201eGesundheitstag\u201c mit den Sch\u00fclern der Klassenstufe 3 ganz im Zeichen der<br>Bewegung.<br>Mit dem Testtag, dessen Durchf\u00fchrung mit Unterst\u00fctzung des Landessportbundes in<br>Zusammenarbeit mit den lokalen Sportvereinen SSV Saalfeld, HSV Bad Blankenburg und HSG<br>Saalfeld K\u00f6nitz, in Person durch Ken Langhammer und Clemens Rein, m\u00f6glich wurde, gingen wir<br>die ersten Schritte im Hinblick auf eine bewegungsintensivere Freizeitgestaltung, die im Alltag<br>aller Familien Einklang finden und zuk\u00fcnftig gelebt werden sollte.<br>Im Freistaat Th\u00fcringen ist die Teilnahme an diesem Programm inzwischen obligatorisch, was die<br>Bedeutung der sensomotorischen F\u00e4higkeiten f\u00fcr eine positive Gesamtentwicklung eines Kindes<br>erneut unterstreicht. Nach einer freudbetonten und motivierenden Erw\u00e4rmung, die der mit uns kooperierende<br>Handballtrainer und -Spieler Clemens \u00fcbernahm, durchliefen die Kinder 6 Teststationen:<br>Einbandstand, 20m Sprint, Medizinballsto\u00dfen, Standweitsprung, Sternlauf und einen 6min<br>Ausdauerlauf. Hierbei wurden die Werte der Sch\u00fcler erfasst, um deren konditionelle und<br>koordinative F\u00e4higkeiten einsch\u00e4tzen und auswerten zu k\u00f6nnen. Letzteres erfolgt anonym durch die<br>Universit\u00e4t Erfurt und resultiert in einer umfassenden Einsch\u00e4tzung jedes einzelnen Kindes, die in<br>Form eines Elternbriefs, welcher die entsprechenden Empfehlungen f\u00fcr eine m\u00f6gliche Umsetzung<br>sportlicher Aktivit\u00e4ten des jeweiligen Kindes enth\u00e4lt. Zur Belohnung bekamen die kleinen Sportler<br>gleich vor Ort ein neues T Shirt.<\/p>\n\n\n\n<figure class=\"wp-block-gallery has-nested-images columns-default is-cropped wp-block-gallery-1 is-layout-flex wp-block-gallery-is-layout-flex\">\n<figure class=\"wp-block-image size-large\"><img loading=\"lazy\" decoding=\"async\" width=\"1024\" height=\"768\" data-id=\"2385\" src=\"https:\/\/lernspatzen.de\/wp-content\/uploads\/2023\/12\/IMG-20231127-WA0018-1024x768.jpg\" alt=\"\" class=\"wp-image-2385\" srcset=\"https:\/\/lernspatzen.de\/wp-content\/uploads\/2023\/12\/IMG-20231127-WA0018-1024x768.jpg 1024w, https:\/\/lernspatzen.de\/wp-content\/uploads\/2023\/12\/IMG-20231127-WA0018-300x225.jpg 300w, https:\/\/lernspatzen.de\/wp-content\/uploads\/2023\/12\/IMG-20231127-WA0018-768x576.jpg 768w, https:\/\/lernspatzen.de\/wp-content\/uploads\/2023\/12\/IMG-20231127-WA0018-1536x1152.jpg 1536w, https:\/\/lernspatzen.de\/wp-content\/uploads\/2023\/12\/IMG-20231127-WA0018.jpg 2048w\" sizes=\"auto, (max-width: 1024px) 100vw, 1024px\" \/><\/figure>\n\n\n\n<figure class=\"wp-block-image size-large\"><img loading=\"lazy\" decoding=\"async\" width=\"1024\" height=\"768\" data-id=\"2386\" src=\"https:\/\/lernspatzen.de\/wp-content\/uploads\/2023\/12\/IMG-20231127-WA0017-1024x768.jpg\" alt=\"\" class=\"wp-image-2386\" srcset=\"https:\/\/lernspatzen.de\/wp-content\/uploads\/2023\/12\/IMG-20231127-WA0017-1024x768.jpg 1024w, https:\/\/lernspatzen.de\/wp-content\/uploads\/2023\/12\/IMG-20231127-WA0017-300x225.jpg 300w, https:\/\/lernspatzen.de\/wp-content\/uploads\/2023\/12\/IMG-20231127-WA0017-768x576.jpg 768w, https:\/\/lernspatzen.de\/wp-content\/uploads\/2023\/12\/IMG-20231127-WA0017-1536x1152.jpg 1536w, https:\/\/lernspatzen.de\/wp-content\/uploads\/2023\/12\/IMG-20231127-WA0017.jpg 2048w\" sizes=\"auto, (max-width: 1024px) 100vw, 1024px\" \/><\/figure>\n\n\n\n<figure class=\"wp-block-image size-large\"><img loading=\"lazy\" decoding=\"async\" width=\"1024\" height=\"768\" data-id=\"2388\" src=\"https:\/\/lernspatzen.de\/wp-content\/uploads\/2023\/12\/IMG-20231127-WA0008-1024x768.jpg\" alt=\"\" class=\"wp-image-2388\" srcset=\"https:\/\/lernspatzen.de\/wp-content\/uploads\/2023\/12\/IMG-20231127-WA0008-1024x768.jpg 1024w, https:\/\/lernspatzen.de\/wp-content\/uploads\/2023\/12\/IMG-20231127-WA0008-300x225.jpg 300w, https:\/\/lernspatzen.de\/wp-content\/uploads\/2023\/12\/IMG-20231127-WA0008-768x576.jpg 768w, https:\/\/lernspatzen.de\/wp-content\/uploads\/2023\/12\/IMG-20231127-WA0008-1536x1152.jpg 1536w, https:\/\/lernspatzen.de\/wp-content\/uploads\/2023\/12\/IMG-20231127-WA0008.jpg 2048w\" sizes=\"auto, (max-width: 1024px) 100vw, 1024px\" \/><\/figure>\n<\/figure>\n\n\n\n<p><br>An Aktionstagen wie diesen, in Bewegungspausen, beim Ein\u00fcben von T\u00e4nzen, zu Sportfesten, an<br>Wandertagen, in sportlichen Wettk\u00e4mpfen sowie im \u201egew\u00f6hnlichen\u201c Sportunterricht sehen wir stets<br>besondere F\u00e4higkeiten ebenso wie sensomotorische Defizite, wir beobachten hoch motivierte,<br>ehrgeizige Kinder, aber auch ver\u00e4ngstigte und unsichere Kinder, Sch\u00fclerInnen, die sich trotz<br>k\u00f6rperlicher, seelischer oder geistiger Beeintr\u00e4chtigung Freude an der Bewegung haben, aber vor<br>allem sehen wir individuelle Entwicklungen, viele freudige Gesichter und leuchtende Kinderaugen,<br>die in und durch vielf\u00e4ltige Bewegungsangebote, beim gemeinsamen Sporttreiben entstehen und<br>sich gleichsam positiv auf die Lernentwicklung in anderen schulischen Bereichen auswirken.<br>Daher hoffen wir als Schule, in Kooperation mit dem Landessportbund, einschlie\u00dflich der<br>ans\u00e4ssigen Sportvereine, auf eine positive Resonanz von Seiten aller Verantwortlichen und<br>Unterst\u00fctzer, die den Alltag unserer \u201eKleinen\u201c im Sinne der Gesundheit mitgestalten, denn<br><strong>\u201ebewegte Kinder\u201c <\/strong>sind in jeglicher Hinsicht nun einmal auch <strong>\u201eges\u00fcndere Kinder\u201c<\/strong>!<\/p>\n\n\n\n<figure class=\"wp-block-gallery has-nested-images columns-default is-cropped wp-block-gallery-2 is-layout-flex wp-block-gallery-is-layout-flex\">\n<figure class=\"wp-block-image size-large\"><img loading=\"lazy\" decoding=\"async\" width=\"1024\" height=\"768\" data-id=\"2384\" src=\"https:\/\/lernspatzen.de\/wp-content\/uploads\/2023\/12\/IMG-20231127-WA0019-1024x768.jpg\" alt=\"\" class=\"wp-image-2384\" srcset=\"https:\/\/lernspatzen.de\/wp-content\/uploads\/2023\/12\/IMG-20231127-WA0019-1024x768.jpg 1024w, https:\/\/lernspatzen.de\/wp-content\/uploads\/2023\/12\/IMG-20231127-WA0019-300x225.jpg 300w, https:\/\/lernspatzen.de\/wp-content\/uploads\/2023\/12\/IMG-20231127-WA0019-768x576.jpg 768w, https:\/\/lernspatzen.de\/wp-content\/uploads\/2023\/12\/IMG-20231127-WA0019-1536x1152.jpg 1536w, https:\/\/lernspatzen.de\/wp-content\/uploads\/2023\/12\/IMG-20231127-WA0019.jpg 2048w\" sizes=\"auto, (max-width: 1024px) 100vw, 1024px\" \/><\/figure>\n\n\n\n<figure class=\"wp-block-image size-large\"><img loading=\"lazy\" decoding=\"async\" width=\"1024\" height=\"768\" data-id=\"2389\" src=\"https:\/\/lernspatzen.de\/wp-content\/uploads\/2023\/12\/IMG-20231127-WA0007-1024x768.jpg\" alt=\"\" class=\"wp-image-2389\" srcset=\"https:\/\/lernspatzen.de\/wp-content\/uploads\/2023\/12\/IMG-20231127-WA0007-1024x768.jpg 1024w, https:\/\/lernspatzen.de\/wp-content\/uploads\/2023\/12\/IMG-20231127-WA0007-300x225.jpg 300w, https:\/\/lernspatzen.de\/wp-content\/uploads\/2023\/12\/IMG-20231127-WA0007-768x576.jpg 768w, https:\/\/lernspatzen.de\/wp-content\/uploads\/2023\/12\/IMG-20231127-WA0007-1536x1152.jpg 1536w, https:\/\/lernspatzen.de\/wp-content\/uploads\/2023\/12\/IMG-20231127-WA0007.jpg 2048w\" sizes=\"auto, (max-width: 1024px) 100vw, 1024px\" \/><\/figure>\n\n\n\n<figure class=\"wp-block-image size-large\"><img loading=\"lazy\" decoding=\"async\" width=\"1024\" height=\"768\" data-id=\"2390\" src=\"https:\/\/lernspatzen.de\/wp-content\/uploads\/2023\/12\/IMG-20231127-WA0012-1024x768.jpg\" alt=\"\" class=\"wp-image-2390\" srcset=\"https:\/\/lernspatzen.de\/wp-content\/uploads\/2023\/12\/IMG-20231127-WA0012-1024x768.jpg 1024w, https:\/\/lernspatzen.de\/wp-content\/uploads\/2023\/12\/IMG-20231127-WA0012-300x225.jpg 300w, https:\/\/lernspatzen.de\/wp-content\/uploads\/2023\/12\/IMG-20231127-WA0012-768x576.jpg 768w, https:\/\/lernspatzen.de\/wp-content\/uploads\/2023\/12\/IMG-20231127-WA0012-1536x1152.jpg 1536w, https:\/\/lernspatzen.de\/wp-content\/uploads\/2023\/12\/IMG-20231127-WA0012.jpg 2048w\" sizes=\"auto, (max-width: 1024px) 100vw, 1024px\" \/><\/figure>\n<\/figure>\n\n\n\n<hr class=\"wp-block-separator has-alpha-channel-opacity is-style-wide\"\/>\n","protected":false},"excerpt":{"rendered":"<p>\u201eBewegte Kinder = ges\u00fcndere Kinder\u201cUm diese \u201eFormel zu l\u00f6sen\u201c, gestaltete die Grundschule \u201eAm Roten Berg\u201c am Montag, dem20.11.2023 ihren \u201eGesundheitstag\u201c mit den Sch\u00fclern der Klassenstufe 3 ganz im Zeichen derBewegung.Mit dem Testtag, dessen Durchf\u00fchrung mit Unterst\u00fctzung des Landessportbundes inZusammenarbeit mit den lokalen Sportvereinen SSV Saalfeld, HSV Bad Blankenburg und HSGSaalfeld K\u00f6nitz, in Person durch Ken [&hellip;]<\/p>\n","protected":false},"author":1,"featured_media":0,"parent":0,"menu_order":0,"comment_status":"closed","ping_status":"closed","template":"","meta":{"footnotes":""},"class_list":["post-2407","page","type-page","status-publish","hentry"],"_links":{"self":[{"href":"https:\/\/lernspatzen.de\/index.php?rest_route=\/wp\/v2\/pages\/2407","targetHints":{"allow":["GET"]}}],"collection":[{"href":"https:\/\/lernspatzen.de\/index.php?rest_route=\/wp\/v2\/pages"}],"about":[{"href":"https:\/\/lernspatzen.de\/index.php?rest_route=\/wp\/v2\/types\/page"}],"author":[{"embeddable":true,"href":"https:\/\/lernspatzen.de\/index.php?rest_route=\/wp\/v2\/users\/1"}],"replies":[{"embeddable":true,"href":"https:\/\/lernspatzen.de\/index.php?rest_route=%2Fwp%2Fv2%2Fcomments&post=2407"}],"version-history":[{"count":2,"href":"https:\/\/lernspatzen.de\/index.php?rest_route=\/wp\/v2\/pages\/2407\/revisions"}],"predecessor-version":[{"id":2410,"href":"https:\/\/lernspatzen.de\/index.php?rest_route=\/wp\/v2\/pages\/2407\/revisions\/2410"}],"wp:attachment":[{"href":"https:\/\/lernspatzen.de\/index.php?rest_route=%2Fwp%2Fv2%2Fmedia&parent=2407"}],"curies":[{"name":"wp","href":"https:\/\/api.w.org\/{rel}","templated":true}]}}