{"id":2333,"date":"2023-08-17T09:53:52","date_gmt":"2023-08-17T09:53:52","guid":{"rendered":"https:\/\/lernspatzen.de\/?page_id=2333"},"modified":"2023-08-17T11:23:55","modified_gmt":"2023-08-17T11:23:55","slug":"sommer-projektwoche","status":"publish","type":"page","link":"https:\/\/lernspatzen.de\/?page_id=2333","title":{"rendered":"Sommer Projektwoche"},"content":{"rendered":"\n<p>Die Projektwoche ging um die Themen Umwelt- &amp; Naturschutz bzw.<br>Nachhaltigkeit. Die Klassenstufen 1 und 2 widmeten sich jeweils mit<br>ihrem Klassenlehrern den Themen Regenw\u00fcrmer und Insekten, bauten kleine<br>Insektenhotels in Blechdosen oder beobachteten 1 Woche lang Regenw\u00fcrmer<br>in einem selbst eingerichteten Terrarium. Es wurde Papier gesch\u00f6pft und<br>viel \u00fcber M\u00fclltrennung und Recycling gelernt.<\/p>\n\n\n\n<figure class=\"wp-block-image size-large is-resized\"><img loading=\"lazy\" decoding=\"async\" src=\"https:\/\/lernspatzen.de\/wp-content\/uploads\/2023\/08\/IMG-20230703-WA0015-768x1024.jpg\" alt=\"\" class=\"wp-image-2340\" width=\"345\" height=\"459\" srcset=\"https:\/\/lernspatzen.de\/wp-content\/uploads\/2023\/08\/IMG-20230703-WA0015-768x1024.jpg 768w, https:\/\/lernspatzen.de\/wp-content\/uploads\/2023\/08\/IMG-20230703-WA0015-225x300.jpg 225w, https:\/\/lernspatzen.de\/wp-content\/uploads\/2023\/08\/IMG-20230703-WA0015.jpg 960w\" sizes=\"auto, (max-width: 345px) 100vw, 345px\" \/><\/figure>\n\n\n\n<p>Die Sch\u00fclerinnen und Sch\u00fcler der Klassenstufen 3 und 4 durfeten den<br>gewohnten Klassenverband verlassen und sich Themen, die sie<br>interessieren, selbst zuordnen. Damit bildeten sich 6 weitere<br>Projektgruppen: &#8222;Lebensmittelretter&#8220;, &#8222;Bike to Nature&#8220;, &#8222;Walk of Fame&#8220;,<br>&#8222;Freizeithelden&#8220;, &#8222;Bienen&#8220; sowie &#8222;Papier Upcycling&#8220;.<\/p>\n\n\n\n<figure class=\"wp-block-gallery has-nested-images columns-default is-cropped wp-block-gallery-1 is-layout-flex wp-block-gallery-is-layout-flex\">\n<figure class=\"wp-block-image size-large\"><img loading=\"lazy\" decoding=\"async\" width=\"768\" height=\"1024\" data-id=\"2336\" src=\"https:\/\/lernspatzen.de\/wp-content\/uploads\/2023\/08\/IMG-20230703-WA0010-768x1024.jpg\" alt=\"\" class=\"wp-image-2336\" srcset=\"https:\/\/lernspatzen.de\/wp-content\/uploads\/2023\/08\/IMG-20230703-WA0010-768x1024.jpg 768w, https:\/\/lernspatzen.de\/wp-content\/uploads\/2023\/08\/IMG-20230703-WA0010-225x300.jpg 225w, https:\/\/lernspatzen.de\/wp-content\/uploads\/2023\/08\/IMG-20230703-WA0010-1152x1536.jpg 1152w, https:\/\/lernspatzen.de\/wp-content\/uploads\/2023\/08\/IMG-20230703-WA0010.jpg 1536w\" sizes=\"auto, (max-width: 768px) 100vw, 768px\" \/><\/figure>\n\n\n\n<figure class=\"wp-block-image size-large\"><img loading=\"lazy\" decoding=\"async\" width=\"771\" height=\"1024\" data-id=\"2342\" src=\"https:\/\/lernspatzen.de\/wp-content\/uploads\/2023\/08\/IMG-20230613-WA0043-771x1024.jpg\" alt=\"\" class=\"wp-image-2342\" srcset=\"https:\/\/lernspatzen.de\/wp-content\/uploads\/2023\/08\/IMG-20230613-WA0043-771x1024.jpg 771w, https:\/\/lernspatzen.de\/wp-content\/uploads\/2023\/08\/IMG-20230613-WA0043-226x300.jpg 226w, https:\/\/lernspatzen.de\/wp-content\/uploads\/2023\/08\/IMG-20230613-WA0043-768x1021.jpg 768w, https:\/\/lernspatzen.de\/wp-content\/uploads\/2023\/08\/IMG-20230613-WA0043-1156x1536.jpg 1156w, https:\/\/lernspatzen.de\/wp-content\/uploads\/2023\/08\/IMG-20230613-WA0043.jpg 1204w\" sizes=\"auto, (max-width: 771px) 100vw, 771px\" \/><\/figure>\n<\/figure>\n\n\n\n<p>Im Laufe der Projektwoche entstanden vielf\u00e4ltige und sinnvolle Dinge,<br>die nun den Schulhof bzw. das Au\u00dfengel\u00e4nde bereichern. Wir haben jetzt<br>ein sch\u00f6nes gro\u00dfes Hotel f\u00fcr Wildbienen und Insekten. Es gibt ein<br>Weidentipi, das hoffentlich anw\u00e4chst und zuk\u00fcnftig viel Schatten sowie<br>neue Spiel- und Versteckm\u00f6glichkeiten bietet. Bunte Wimpelketten mit dem<br>Logo der Projektwoche sowie W\u00fcnschen der Kinder schm\u00fccken den Schulhof.<br>Aus Weggeworfenen Kronkorken entstanden Gehwegplatten und sollen<br>zuk\u00fcnftig den Weg zum Tipi sowie zum Bienenhotel weisen.<\/p>\n\n\n\n<figure class=\"wp-block-image size-large is-resized\"><img loading=\"lazy\" decoding=\"async\" src=\"https:\/\/lernspatzen.de\/wp-content\/uploads\/2023\/08\/IMG-20230703-WA0022-1024x769.jpg\" alt=\"\" class=\"wp-image-2355\" width=\"582\" height=\"436\" srcset=\"https:\/\/lernspatzen.de\/wp-content\/uploads\/2023\/08\/IMG-20230703-WA0022-1024x769.jpg 1024w, https:\/\/lernspatzen.de\/wp-content\/uploads\/2023\/08\/IMG-20230703-WA0022-300x225.jpg 300w, https:\/\/lernspatzen.de\/wp-content\/uploads\/2023\/08\/IMG-20230703-WA0022-768x576.jpg 768w, https:\/\/lernspatzen.de\/wp-content\/uploads\/2023\/08\/IMG-20230703-WA0022-1536x1153.jpg 1536w, https:\/\/lernspatzen.de\/wp-content\/uploads\/2023\/08\/IMG-20230703-WA0022.jpg 2048w\" sizes=\"auto, (max-width: 582px) 100vw, 582px\" \/><\/figure>\n\n\n\n<p>Die Fahrradgruppe &#8222;Bike to Nature&#8220; begab sich t\u00e4glich auf Entdeckertour<br>und besuchte wichtige und interessante Stationen in der n\u00e4heren<br>Umgebung. Bei Weltumradler Axel Br\u00fcmmer, der auf vielf\u00e4ltige Weise<br>Kinder- und Umweltschutzprojekte auf der ganzen Welt unterst\u00fctzt, wurde<br>vorbeigeschaut. Auch wurde eine Kr\u00e4uterwanderung unternommen, die<br>Nestlerm\u00fchle besucht sowie ein Infomobil zum Thema M\u00fcllvermeidung.<\/p>\n\n\n\n<figure class=\"wp-block-image size-large is-resized\"><img loading=\"lazy\" decoding=\"async\" src=\"https:\/\/lernspatzen.de\/wp-content\/uploads\/2023\/08\/IMG-20230703-WA0012-1024x768.jpg\" alt=\"\" class=\"wp-image-2343\" width=\"571\" height=\"428\" srcset=\"https:\/\/lernspatzen.de\/wp-content\/uploads\/2023\/08\/IMG-20230703-WA0012-1024x768.jpg 1024w, https:\/\/lernspatzen.de\/wp-content\/uploads\/2023\/08\/IMG-20230703-WA0012-300x225.jpg 300w, https:\/\/lernspatzen.de\/wp-content\/uploads\/2023\/08\/IMG-20230703-WA0012-768x576.jpg 768w, https:\/\/lernspatzen.de\/wp-content\/uploads\/2023\/08\/IMG-20230703-WA0012-1536x1152.jpg 1536w, https:\/\/lernspatzen.de\/wp-content\/uploads\/2023\/08\/IMG-20230703-WA0012.jpg 2048w\" sizes=\"auto, (max-width: 571px) 100vw, 571px\" \/><\/figure>\n\n\n\n<p>Die Lebensmittelretter besuchten die Gorndorfer B\u00e4ckerei Sch\u00f6ler und<br>informierten sich zun\u00e4chst, wo viele Lebensmittel, die wir t\u00e4glich<br>essen, herkommen. Sie probierten allerhand Rezepte aus mit<br>Lebensmitteln, die auf den ersten Blick nicht mehr makellos waren. Unter<br>anderem wurden Brotchips hergestellt aus nicht verkauften Broten, die der<br>B\u00e4ckermeister sponserte.<\/p>\n\n\n\n<figure class=\"wp-block-image size-large is-resized\"><img loading=\"lazy\" decoding=\"async\" src=\"https:\/\/lernspatzen.de\/wp-content\/uploads\/2023\/08\/IMG-20230703-WA0004-1024x768.jpg\" alt=\"\" class=\"wp-image-2337\" width=\"576\" height=\"432\" srcset=\"https:\/\/lernspatzen.de\/wp-content\/uploads\/2023\/08\/IMG-20230703-WA0004-1024x768.jpg 1024w, https:\/\/lernspatzen.de\/wp-content\/uploads\/2023\/08\/IMG-20230703-WA0004-300x225.jpg 300w, https:\/\/lernspatzen.de\/wp-content\/uploads\/2023\/08\/IMG-20230703-WA0004-768x576.jpg 768w, https:\/\/lernspatzen.de\/wp-content\/uploads\/2023\/08\/IMG-20230703-WA0004-1536x1152.jpg 1536w, https:\/\/lernspatzen.de\/wp-content\/uploads\/2023\/08\/IMG-20230703-WA0004.jpg 2016w\" sizes=\"auto, (max-width: 576px) 100vw, 576px\" \/><\/figure>\n\n\n\n<p>Zu Gast auf dem Schulhof waren die Save-Nature-Group mit ihrem mobilen<br>Recyclingmobil. Hier pressten mehrere Projektgruppen aus in Gorndorf<br>gesammelten M\u00fcll neue Lineale und Pflanzspangen. Die flei\u00dfigen<br>M\u00fcllsammler wurden w\u00e4hrend ihrer Arbeit von vielen Gorndorfer B\u00fcrgern<br>bemerkt und die Aktion sehr gelobt.<\/p>\n\n\n\n<figure class=\"wp-block-image size-large is-resized\"><img loading=\"lazy\" decoding=\"async\" src=\"https:\/\/lernspatzen.de\/wp-content\/uploads\/2023\/08\/IMG_20230703_102053-1024x617.jpg\" alt=\"\" class=\"wp-image-2344\" width=\"608\" height=\"366\" srcset=\"https:\/\/lernspatzen.de\/wp-content\/uploads\/2023\/08\/IMG_20230703_102053-1024x617.jpg 1024w, https:\/\/lernspatzen.de\/wp-content\/uploads\/2023\/08\/IMG_20230703_102053-300x181.jpg 300w, https:\/\/lernspatzen.de\/wp-content\/uploads\/2023\/08\/IMG_20230703_102053-768x463.jpg 768w, https:\/\/lernspatzen.de\/wp-content\/uploads\/2023\/08\/IMG_20230703_102053-1536x926.jpg 1536w, https:\/\/lernspatzen.de\/wp-content\/uploads\/2023\/08\/IMG_20230703_102053-2048x1234.jpg 2048w\" sizes=\"auto, (max-width: 608px) 100vw, 608px\" \/><\/figure>\n\n\n\n<p>Grunds\u00e4tzlich war die Projektwoche sehr praxisnah ausgerichtet. Die<br>Gruppen unternahmen viele Exkursionen. Man informierten sich beim<br>Imkerverein Saalfeld \u00fcber das Leben der Bienen, besuchte die Alpakas vom<br>Roten Berg oder das Klubhaus in Saalfeld. \u00dcberall lernten die Kinder<br>Interessantes und Neues, konnten viele Dinge selbst ausprobieren und mit<br>anpacken.<\/p>\n\n\n\n<p>&#8222;Die Freizeithelden&#8220; entwarfen selbst ein Logo f\u00fcr die Projektwoche, das<br>auf Stoffreste, Turnbeutel oder einfache Shirts gedruckt wurde und diese<br>damit aufwerteten. Nebenbei lernten sie im Klubhaus Saalfeld die<br>Arbeitsschritte kennen, die f\u00fcr das Siebdruckverfahren n\u00f6tig sind.<\/p>\n\n\n\n<p>Am Freitag Nachmittag pr\u00e4sentierten die Projektgruppen ihre Ergebnisse<br>auf dem Schulhof. Zum &#8222;Markt der guten Taten&#8220; waren alle Eltern,<br>Gro\u00dfeltern sowie interessierte Anwohner eingeladen und konnten sich<br>umfassend informieren, ihr Wissen in kleinen Quizzen testen, die neuen<br>Bauten auf dem Schulgel\u00e4nde bestaunen und einen abwechslungsreichen<br>Nachmittag verbringen.<\/p>\n\n\n\n<figure class=\"wp-block-gallery has-nested-images columns-default is-cropped wp-block-gallery-2 is-layout-flex wp-block-gallery-is-layout-flex\">\n<figure class=\"wp-block-image size-large\"><img loading=\"lazy\" decoding=\"async\" width=\"1024\" height=\"768\" data-id=\"2349\" src=\"https:\/\/lernspatzen.de\/wp-content\/uploads\/2023\/08\/IMG_20230616_144008-1024x768.jpg\" alt=\"\" class=\"wp-image-2349\" srcset=\"https:\/\/lernspatzen.de\/wp-content\/uploads\/2023\/08\/IMG_20230616_144008-1024x768.jpg 1024w, https:\/\/lernspatzen.de\/wp-content\/uploads\/2023\/08\/IMG_20230616_144008-300x225.jpg 300w, https:\/\/lernspatzen.de\/wp-content\/uploads\/2023\/08\/IMG_20230616_144008-768x576.jpg 768w, https:\/\/lernspatzen.de\/wp-content\/uploads\/2023\/08\/IMG_20230616_144008-1536x1152.jpg 1536w, https:\/\/lernspatzen.de\/wp-content\/uploads\/2023\/08\/IMG_20230616_144008-2048x1536.jpg 2048w\" sizes=\"auto, (max-width: 1024px) 100vw, 1024px\" \/><figcaption class=\"wp-element-caption\">rbt<\/figcaption><\/figure>\n\n\n\n<figure class=\"wp-block-image size-large\"><img loading=\"lazy\" decoding=\"async\" width=\"1024\" height=\"768\" data-id=\"2350\" src=\"https:\/\/lernspatzen.de\/wp-content\/uploads\/2023\/08\/IMG_20230616_143933-1024x768.jpg\" alt=\"\" class=\"wp-image-2350\" srcset=\"https:\/\/lernspatzen.de\/wp-content\/uploads\/2023\/08\/IMG_20230616_143933-1024x768.jpg 1024w, https:\/\/lernspatzen.de\/wp-content\/uploads\/2023\/08\/IMG_20230616_143933-300x225.jpg 300w, https:\/\/lernspatzen.de\/wp-content\/uploads\/2023\/08\/IMG_20230616_143933-768x576.jpg 768w, https:\/\/lernspatzen.de\/wp-content\/uploads\/2023\/08\/IMG_20230616_143933-1536x1152.jpg 1536w, https:\/\/lernspatzen.de\/wp-content\/uploads\/2023\/08\/IMG_20230616_143933-2048x1536.jpg 2048w\" sizes=\"auto, (max-width: 1024px) 100vw, 1024px\" \/><\/figure>\n\n\n\n<figure class=\"wp-block-image size-large\"><img loading=\"lazy\" decoding=\"async\" width=\"1024\" height=\"768\" data-id=\"2351\" src=\"https:\/\/lernspatzen.de\/wp-content\/uploads\/2023\/08\/IMG_20230616_143607-1024x768.jpg\" alt=\"\" class=\"wp-image-2351\" srcset=\"https:\/\/lernspatzen.de\/wp-content\/uploads\/2023\/08\/IMG_20230616_143607-1024x768.jpg 1024w, https:\/\/lernspatzen.de\/wp-content\/uploads\/2023\/08\/IMG_20230616_143607-300x225.jpg 300w, https:\/\/lernspatzen.de\/wp-content\/uploads\/2023\/08\/IMG_20230616_143607-768x576.jpg 768w, https:\/\/lernspatzen.de\/wp-content\/uploads\/2023\/08\/IMG_20230616_143607-1536x1152.jpg 1536w, https:\/\/lernspatzen.de\/wp-content\/uploads\/2023\/08\/IMG_20230616_143607-2048x1536.jpg 2048w\" sizes=\"auto, (max-width: 1024px) 100vw, 1024px\" \/><\/figure>\n\n\n\n<figure class=\"wp-block-image size-large\"><img loading=\"lazy\" decoding=\"async\" width=\"768\" height=\"1024\" data-id=\"2352\" src=\"https:\/\/lernspatzen.de\/wp-content\/uploads\/2023\/08\/IMG-20230703-WA0020-768x1024.jpg\" alt=\"\" class=\"wp-image-2352\" srcset=\"https:\/\/lernspatzen.de\/wp-content\/uploads\/2023\/08\/IMG-20230703-WA0020-768x1024.jpg 768w, https:\/\/lernspatzen.de\/wp-content\/uploads\/2023\/08\/IMG-20230703-WA0020-225x300.jpg 225w, https:\/\/lernspatzen.de\/wp-content\/uploads\/2023\/08\/IMG-20230703-WA0020-1152x1536.jpg 1152w, https:\/\/lernspatzen.de\/wp-content\/uploads\/2023\/08\/IMG-20230703-WA0020.jpg 1200w\" sizes=\"auto, (max-width: 768px) 100vw, 768px\" \/><\/figure>\n\n\n\n<figure class=\"wp-block-image size-large\"><img loading=\"lazy\" decoding=\"async\" width=\"1024\" height=\"920\" data-id=\"2346\" src=\"https:\/\/lernspatzen.de\/wp-content\/uploads\/2023\/08\/IMG_20230705_105015-1024x920.jpg\" alt=\"\" class=\"wp-image-2346\" srcset=\"https:\/\/lernspatzen.de\/wp-content\/uploads\/2023\/08\/IMG_20230705_105015-1024x920.jpg 1024w, https:\/\/lernspatzen.de\/wp-content\/uploads\/2023\/08\/IMG_20230705_105015-300x270.jpg 300w, https:\/\/lernspatzen.de\/wp-content\/uploads\/2023\/08\/IMG_20230705_105015-768x690.jpg 768w, https:\/\/lernspatzen.de\/wp-content\/uploads\/2023\/08\/IMG_20230705_105015-1536x1380.jpg 1536w, https:\/\/lernspatzen.de\/wp-content\/uploads\/2023\/08\/IMG_20230705_105015-2048x1840.jpg 2048w\" sizes=\"auto, (max-width: 1024px) 100vw, 1024px\" \/><\/figure>\n\n\n\n<figure class=\"wp-block-image size-large\"><img loading=\"lazy\" decoding=\"async\" width=\"1024\" height=\"741\" data-id=\"2345\" src=\"https:\/\/lernspatzen.de\/wp-content\/uploads\/2023\/08\/IMG_20230703_102335-1024x741.jpg\" alt=\"\" class=\"wp-image-2345\" srcset=\"https:\/\/lernspatzen.de\/wp-content\/uploads\/2023\/08\/IMG_20230703_102335-1024x741.jpg 1024w, https:\/\/lernspatzen.de\/wp-content\/uploads\/2023\/08\/IMG_20230703_102335-300x217.jpg 300w, https:\/\/lernspatzen.de\/wp-content\/uploads\/2023\/08\/IMG_20230703_102335-768x556.jpg 768w, https:\/\/lernspatzen.de\/wp-content\/uploads\/2023\/08\/IMG_20230703_102335-1536x1112.jpg 1536w, https:\/\/lernspatzen.de\/wp-content\/uploads\/2023\/08\/IMG_20230703_102335-2048x1483.jpg 2048w\" sizes=\"auto, (max-width: 1024px) 100vw, 1024px\" \/><figcaption class=\"wp-element-caption\">btr<\/figcaption><\/figure>\n<\/figure>\n\n\n\n<p>Zus\u00e4tzlich bereicherten das Kl\u00e4r- und Wasserwerk mit einem kostenfreien<br>Wasserausschank von Leitungswasser, Natura 2000, der Naturpark<br>Leutenberg, der Imkerverein Saalfeld sowie Th.inka mit vielf\u00e4ltigen<br>Angeboten zum Ausprobieren und Upcycling, der B\u00e4cker Sch\u00f6ler und die<br>Fleischerei Lindig mit ihren regionalen Produkten, der Live-Siebdruck<br>vom Klubhaus sowie 4 Tiere von den &#8222;Alpakas vom Roten Berg&#8220; den<br>Abschlusstag und m\u00fcndeten in einen bunten Familiennachmittag.<\/p>\n","protected":false},"excerpt":{"rendered":"<p>Die Projektwoche ging um die Themen Umwelt- &amp; Naturschutz bzw.Nachhaltigkeit. Die Klassenstufen 1 und 2 widmeten sich jeweils mitihrem Klassenlehrern den Themen Regenw\u00fcrmer und Insekten, bauten kleineInsektenhotels in Blechdosen oder beobachteten 1 Woche lang Regenw\u00fcrmerin einem selbst eingerichteten Terrarium. Es wurde Papier gesch\u00f6pft undviel \u00fcber M\u00fclltrennung und Recycling gelernt. Die Sch\u00fclerinnen und Sch\u00fcler der Klassenstufen [&hellip;]<\/p>\n","protected":false},"author":1,"featured_media":0,"parent":0,"menu_order":0,"comment_status":"closed","ping_status":"closed","template":"","meta":{"footnotes":""},"class_list":["post-2333","page","type-page","status-publish","hentry"],"_links":{"self":[{"href":"https:\/\/lernspatzen.de\/index.php?rest_route=\/wp\/v2\/pages\/2333","targetHints":{"allow":["GET"]}}],"collection":[{"href":"https:\/\/lernspatzen.de\/index.php?rest_route=\/wp\/v2\/pages"}],"about":[{"href":"https:\/\/lernspatzen.de\/index.php?rest_route=\/wp\/v2\/types\/page"}],"author":[{"embeddable":true,"href":"https:\/\/lernspatzen.de\/index.php?rest_route=\/wp\/v2\/users\/1"}],"replies":[{"embeddable":true,"href":"https:\/\/lernspatzen.de\/index.php?rest_route=%2Fwp%2Fv2%2Fcomments&post=2333"}],"version-history":[{"count":4,"href":"https:\/\/lernspatzen.de\/index.php?rest_route=\/wp\/v2\/pages\/2333\/revisions"}],"predecessor-version":[{"id":2357,"href":"https:\/\/lernspatzen.de\/index.php?rest_route=\/wp\/v2\/pages\/2333\/revisions\/2357"}],"wp:attachment":[{"href":"https:\/\/lernspatzen.de\/index.php?rest_route=%2Fwp%2Fv2%2Fmedia&parent=2333"}],"curies":[{"name":"wp","href":"https:\/\/api.w.org\/{rel}","templated":true}]}}