{"id":2,"date":"2016-05-10T03:48:21","date_gmt":"2016-05-10T03:48:21","guid":{"rendered":"http:\/\/lernspatzen.de\/?page_id=2"},"modified":"2026-03-09T14:36:13","modified_gmt":"2026-03-09T14:36:13","slug":"sample-page","status":"publish","type":"page","link":"https:\/\/lernspatzen.de\/","title":{"rendered":"HOME"},"content":{"rendered":"\n<p><strong><u>Schulanmeldung f\u00fcr das Schuljahr 2027\/28 an der Grundschule \u201eAm Roten Berg\u201c Gorndorf<\/u><\/strong><\/p>\n\n\n\n<p>Liebe Eltern,<\/p>\n\n\n\n<p>die <strong>Schulanmeldung f\u00fcr das Schuljahr 2027\/28 <\/strong>erfolgt f\u00fcr alle <strong>Kinder, die vom 02.08.2020 bis 01.08.2021 geboren<\/strong> sind.<br>Die <strong>Abgabe der Anmeldeformulare<\/strong> findet in der Zeit vom <strong>04.05. bis 08.05.2026<\/strong> von 08:00 Uhr bis 13:00 Uhr im Sekretariat der Schule statt. Auch ein postalisches Zusenden oder ein Einwerfen in unseren Briefkasten ist m\u00f6glich.<\/p>\n\n\n\n<p>Abgegeben werden m\u00fcssen:<\/p>\n\n\n\n<ul class=\"wp-block-list\">\n<li>Schulanmeldung mit Angabe der Zweitwunschschule<\/li>\n\n\n\n<li>Kopie der Geburtsurkunde<\/li>\n\n\n\n<li>ggf. Negativbescheid bei alleinigem Sorgerecht<\/li>\n<\/ul>\n\n\n\n<p>Die Schulanmeldung muss vollst\u00e4ndig ausgef\u00fcllt und von beiden Sorgeberechtigten unterschrieben sein (oder Nachweis \u00fcber Sorgerecht beif\u00fcgen).<\/p>\n\n\n\n<p>Die Anmeldeformulare finden Sie auf der Homepage unserer Schule. Ausgedruckt erhalten Sie diese auch im Sekretariat oder zum Informationselternabend am 21.04.2026.<\/p>\n\n\n\n<p>lernspatzen.de =&gt; Aktuelles =&gt; Schulanmeldung 27\/28<\/p>\n\n\n\n<hr class=\"wp-block-separator has-alpha-channel-opacity\"\/>\n\n\n\n<p><strong><u>Einladung zum Informationselternabend<\/u><\/strong><\/p>\n\n\n\n<p>Gern m\u00f6chten wir Sie vor der Schulanmeldung zu einem Schulrundgang einladen, unsere Schule vorstellen und Ihre Fragen beantworten.<\/p>\n\n\n\n<p>Hier k\u00f6nnen auch die Anmeldeunterlagen mitgenommen werden.<\/p>\n\n\n\n<p><strong>Dazu laden wir Sie f\u00fcr den 21.04.2026 um 18.30 Uhr in unsere Schule ein.<\/strong><\/p>\n\n\n\n<p>Freundliche Gr\u00fc\u00dfe<br>Carmen Bruckmann<br>Schulleiterin<\/p>\n\n\n\n<hr class=\"wp-block-separator has-alpha-channel-opacity\"\/>\n\n\n\n<p><a rel=\"noreferrer noopener\" href=\"https:\/\/www.mdr.de\/nachrichten\/thueringen\/ost-thueringen\/saalfeld-rudolstadt\/grundschule-gebaeude-baufaellig-neubau-geld-100.html\" target=\"_blank\">https:\/\/www.mdr.de\/nachrichten\/thueringen\/ost-thueringen\/saalfeld-rudolstadt\/grundschule-gebaeude-baufaellig-neubau-geld-100.html<\/a><\/p>\n\n\n\n<hr class=\"wp-block-separator has-css-opacity is-style-wide\"\/>\n\n\n\n<figure class=\"wp-block-gallery aligncenter has-nested-images columns-default is-cropped wp-block-gallery-1 is-layout-flex wp-block-gallery-is-layout-flex\">\n<figure class=\"wp-block-image size-large\"><img loading=\"lazy\" decoding=\"async\" width=\"1024\" height=\"683\" data-id=\"937\" src=\"https:\/\/lernspatzen.de\/wp-content\/uploads\/2020\/10\/IMG_20201014_115730-1024x683.jpg\" alt=\"\" class=\"wp-image-937\" srcset=\"https:\/\/lernspatzen.de\/wp-content\/uploads\/2020\/10\/IMG_20201014_115730-1024x683.jpg 1024w, https:\/\/lernspatzen.de\/wp-content\/uploads\/2020\/10\/IMG_20201014_115730-300x200.jpg 300w, https:\/\/lernspatzen.de\/wp-content\/uploads\/2020\/10\/IMG_20201014_115730-768x512.jpg 768w, https:\/\/lernspatzen.de\/wp-content\/uploads\/2020\/10\/IMG_20201014_115730-1536x1024.jpg 1536w, https:\/\/lernspatzen.de\/wp-content\/uploads\/2020\/10\/IMG_20201014_115730-2048x1365.jpg 2048w\" sizes=\"auto, (max-width: 1024px) 100vw, 1024px\" \/><\/figure>\n<figcaption class=\"blocks-gallery-caption wp-element-caption\">Offizielle Namensverleihung am 14.10.20<\/figcaption><\/figure>\n\n\n\n<figure class=\"wp-block-image\"><img decoding=\"async\" src=\"https:\/\/lernspatzen.de\/wp-content\/uploads\/2020\/09\/IMG_0300-1024x683.jpg\" alt=\"\" class=\"wp-image-827\"\/><figcaption class=\"wp-element-caption\">der Schulhof bietet viel Platz<\/figcaption><\/figure>\n\n\n\n<p class=\"has-text-align-center\">Sie befinden sich auf der Homepage <br>der Grundschule &#8222;Am roten Berg&#8220; Saalfeld<br>Alle Mitarbeiterinnen und Mitarbeiter sagen <br>\u201eHerzlich Willkommen\u201c.<br>Hier gibt es vielf\u00e4ltige Einsichten in unser Schulleben. <br>Wir w\u00fcnschen Ihnen viel Spa\u00df beim St\u00f6bern.<\/p>\n\n\n\n<p class=\"has-text-align-center\">Unsere Homepage befindet sich noch im Aufbau. Verfolgen Sie die Entwicklung und bleiben Sie neugierig.<\/p>\n","protected":false},"excerpt":{"rendered":"<p>Schulanmeldung f\u00fcr das Schuljahr 2027\/28 an der Grundschule \u201eAm Roten Berg\u201c Gorndorf Liebe Eltern, die Schulanmeldung f\u00fcr das Schuljahr 2027\/28 erfolgt f\u00fcr alle Kinder, die vom 02.08.2020 bis 01.08.2021 geboren sind.Die Abgabe der Anmeldeformulare findet in der Zeit vom 04.05. bis 08.05.2026 von 08:00 Uhr bis 13:00 Uhr im Sekretariat der Schule statt. Auch ein [&hellip;]<\/p>\n","protected":false},"author":1,"featured_media":0,"parent":0,"menu_order":0,"comment_status":"closed","ping_status":"open","template":"","meta":{"footnotes":""},"class_list":["post-2","page","type-page","status-publish","hentry"],"_links":{"self":[{"href":"https:\/\/lernspatzen.de\/index.php?rest_route=\/wp\/v2\/pages\/2","targetHints":{"allow":["GET"]}}],"collection":[{"href":"https:\/\/lernspatzen.de\/index.php?rest_route=\/wp\/v2\/pages"}],"about":[{"href":"https:\/\/lernspatzen.de\/index.php?rest_route=\/wp\/v2\/types\/page"}],"author":[{"embeddable":true,"href":"https:\/\/lernspatzen.de\/index.php?rest_route=\/wp\/v2\/users\/1"}],"replies":[{"embeddable":true,"href":"https:\/\/lernspatzen.de\/index.php?rest_route=%2Fwp%2Fv2%2Fcomments&post=2"}],"version-history":[{"count":354,"href":"https:\/\/lernspatzen.de\/index.php?rest_route=\/wp\/v2\/pages\/2\/revisions"}],"predecessor-version":[{"id":2610,"href":"https:\/\/lernspatzen.de\/index.php?rest_route=\/wp\/v2\/pages\/2\/revisions\/2610"}],"wp:attachment":[{"href":"https:\/\/lernspatzen.de\/index.php?rest_route=%2Fwp%2Fv2%2Fmedia&parent=2"}],"curies":[{"name":"wp","href":"https:\/\/api.w.org\/{rel}","templated":true}]}}