{"id":186,"date":"2019-11-15T12:30:13","date_gmt":"2019-11-15T12:30:13","guid":{"rendered":"https:\/\/lernspatzen.de\/?page_id=186"},"modified":"2020-03-09T13:41:12","modified_gmt":"2020-03-09T13:41:12","slug":"hausordnung","status":"publish","type":"page","link":"https:\/\/lernspatzen.de\/?page_id=186","title":{"rendered":"Hausordnung"},"content":{"rendered":"\n<p><strong>Pr\u00e4ambel:<\/strong><br>Alle Sch\u00fcler, Lehrer und Erzieher sollen sich in unserer Grundschule wohl f\u00fchlen und keinen Schaden erleiden.<br>Materielle Werte, Geb\u00e4ude, Au\u00dfenanlagen und Einrichtungsgegenst\u00e4nde m\u00fcssen erhalten, gepflegt und nach M\u00f6glichkeit noch verbessert werden.<br>Voraussetzungen f\u00fcr ein gutes Arbeitsklima sind: ein diszipliniertes, freundliches und h\u00f6fliches Verhalten der Sch\u00fcler untereinander, gegenseitige R\u00fccksichtnahme und Hilfsbereitschaft, Ordnung und Sauberkeit.<\/p>\n\n\n\n<p> <strong>Regeln:<\/strong><\/p>\n\n\n\n<ul class=\"wp-block-list\"><li>Der Einlass aller Klassen am vorderen Eingang ist um 07:40 Uhr. (vor 07:40 Uhr ist das Betreten des Schulhauses nur angemeldeten Fr\u00fchhortkindern gestattet!)<\/li><li>Hortkinder, die vor 07:40 Uhr kommen, benutzen den hinteren Eingang und halten sich im Fr\u00fchhort auf. Dieser ist ab 06:00 Uhr ge\u00f6ffnet.<\/li><li>Der Unterricht beginnt p\u00fcnktlich um 08:00 Uhr. Wir verabschieden uns vor der Schule von unseren Eltern und sind sp\u00e4testens 07:50 Uhr an unserem Arbeitsplatz, um noch rechtzeitig auspacken zu k\u00f6nnen.<\/li><li>Jeder h\u00e4lt Ordnung an seinem Arbeitsplatz. Wir legen alle ben\u00f6tigten Arbeitsmittel vor Unterrichtsbeginn bereit und verlassen den Platz am Ende des Tages sauber.<\/li><li>Pausen dienen der Entspannung und einer angemessenen Bewegung. Wir verhalten uns freundschaftlich und fair, \u00e4rgern niemand und grenzen keinen aus.<\/li><li>Abf\u00e4lle werfen wir in die daf\u00fcr bereitgestellten Beh\u00e4lter.<\/li><li>Wir sind f\u00fcr die Ordnung und Ausgestaltung in unserem Klassenraum verantwortlich und achten auch in den Toiletten, auf den Fluren und Treppenaufg\u00e4ngen sowie im Au\u00dfengel\u00e4nde unserer Grundschule auf Sauberkeit.<\/li><li>Die Aufgaben der Klassendienste werden im Klassenverband festgelegt und ordnungsgem\u00e4\u00df ausgef\u00fchrt.<\/li><li>Fr\u00fchst\u00fcck und Mittagessen nehmen wir in Ruhe, mit sauberen H\u00e4nden und guten Tischsitten ein.<\/li><li>Wir sind freundlich und gr\u00fc\u00dfen unsere Lehrer, Erzieher und alle Erwachsenen, die sich im Schulgel\u00e4nde aufhalten.<\/li><li>Kinder, die nicht den Hort besuchen, verlassen unverz\u00fcglich nach Unterrichtsschluss bzw. nach dem Mittagessen das Schulgel\u00e4nde.<\/li><\/ul>\n","protected":false},"excerpt":{"rendered":"<p>Pr\u00e4ambel:Alle Sch\u00fcler, Lehrer und Erzieher sollen sich in unserer Grundschule wohl f\u00fchlen und keinen Schaden erleiden.Materielle Werte, Geb\u00e4ude, Au\u00dfenanlagen und Einrichtungsgegenst\u00e4nde m\u00fcssen erhalten, gepflegt und nach M\u00f6glichkeit noch verbessert werden.Voraussetzungen f\u00fcr ein gutes Arbeitsklima sind: ein diszipliniertes, freundliches und h\u00f6fliches Verhalten der Sch\u00fcler untereinander, gegenseitige R\u00fccksichtnahme und Hilfsbereitschaft, Ordnung und Sauberkeit. Regeln: Der Einlass aller [&hellip;]<\/p>\n","protected":false},"author":1,"featured_media":0,"parent":0,"menu_order":0,"comment_status":"closed","ping_status":"closed","template":"","meta":{"footnotes":""},"class_list":["post-186","page","type-page","status-publish","hentry"],"_links":{"self":[{"href":"https:\/\/lernspatzen.de\/index.php?rest_route=\/wp\/v2\/pages\/186","targetHints":{"allow":["GET"]}}],"collection":[{"href":"https:\/\/lernspatzen.de\/index.php?rest_route=\/wp\/v2\/pages"}],"about":[{"href":"https:\/\/lernspatzen.de\/index.php?rest_route=\/wp\/v2\/types\/page"}],"author":[{"embeddable":true,"href":"https:\/\/lernspatzen.de\/index.php?rest_route=\/wp\/v2\/users\/1"}],"replies":[{"embeddable":true,"href":"https:\/\/lernspatzen.de\/index.php?rest_route=%2Fwp%2Fv2%2Fcomments&post=186"}],"version-history":[{"count":3,"href":"https:\/\/lernspatzen.de\/index.php?rest_route=\/wp\/v2\/pages\/186\/revisions"}],"predecessor-version":[{"id":548,"href":"https:\/\/lernspatzen.de\/index.php?rest_route=\/wp\/v2\/pages\/186\/revisions\/548"}],"wp:attachment":[{"href":"https:\/\/lernspatzen.de\/index.php?rest_route=%2Fwp%2Fv2%2Fmedia&parent=186"}],"curies":[{"name":"wp","href":"https:\/\/api.w.org\/{rel}","templated":true}]}}