{"id":184,"date":"2019-11-15T12:29:49","date_gmt":"2019-11-15T12:29:49","guid":{"rendered":"https:\/\/lernspatzen.de\/?page_id=184"},"modified":"2020-12-06T18:26:34","modified_gmt":"2020-12-06T18:26:34","slug":"streitschlichter","status":"publish","type":"page","link":"https:\/\/lernspatzen.de\/?page_id=184","title":{"rendered":"Streitschlichter"},"content":{"rendered":"\n<p>Ein wichtiger Bestandteil unseres Schulalltags ist die Streitschlichterausbildung. Das Projekt findet in enger Zusammenarbeit mit Bettina Huppert-Hingst vom Bildungszentrum Saalfeld statt, die Erzieherinnen und Lehrkr\u00e4fte unserer Schule durch die einzelnen Phasen des Programmes begleitet.<br>Schritt f\u00fcr Schritt wird es uns so erm\u00f6glicht, die Streitschlichterausbildung in Zukunft eigenst\u00e4ndig durchf\u00fchren zu k\u00f6nnen. Wir starteten mit dem Programm im Schuljahr 2017\/2018, indem zun\u00e4chst einige Kolleginnen<br>Fortbildungen zur Streitschlichterschulung besuchten. Erst im folgenden Schuljahr begann die Ausbildung der Kinder. Diese erfolgt jeweils in Klasse drei, sodass unsere Viertkl\u00e4ssler als Streitschlichter zur Verf\u00fcgung stehen.<br>Jedes Jahr im Herbst findet f\u00fcr die gesamte Klassenstufe 3 ein erster Schulungstag statt. Die Kinder erfahren hier, was die Ausbildung zum Streitschlichter beinhaltet und k\u00f6nnen sich \u00fcberlegen, ob sie gern an dieser teilnehmen w\u00fcrden. Anschlie\u00dfend w\u00e4hlen die Sch\u00fclerinnen und Sch\u00fcler Kinder aus, die sie sich gut als Streitschlichter vorstellen k\u00f6nnen. F\u00fcr diese gew\u00e4hlten Streitschlichter findet ein Mal pro Woche die Ausbildung statt. Es werden Umgangsformen und feste Handlungsmuster einge\u00fcbt, die den Kindern bei der Kl\u00e4rung von Konflikten helfen.<br>Sind die Streitschlichter fertig ausgebildet, dienen sie zu festen Zeiten in Konfliktsituationen als Ansprechpartner. Im kl\u00e4renden Gespr\u00e4ch sollen alle Beteiligten Geh\u00f6r finden und gemeinsam mit den Streitschlichtern eine f\u00fcr alle Parteien zufriedenstellende L\u00f6sung finden.<br><br>Das Programm hat unter anderem folgende Ziele:<\/p>\n\n\n\n<ul class=\"wp-block-list\"><li>friedliche, gewaltfreie Kl\u00e4rung von Alltagskonflikten<\/li><li>St\u00e4rkung der Eigenverantwortlichkeit<\/li><li>Steigerung der Konfliktf\u00e4higkeit<\/li><li>Verbesserung des Schulklimas<br><br><\/li><\/ul>\n\n\n\n<p><strong>Ablauf der Streitschlichterausbildung an unserer Schule:<\/strong><\/p>\n\n\n\n<p>Phase I: (Umsetzung bis zu den Herbstferien)<\/p>\n\n\n\n<p>-Klassentraining in Klasse 3 erfolgt durch eine ausgebildete Mediatorin mit Unterst\u00fctzung der Schulsozialarbeiterin der Schule<\/p>\n\n\n\n<div class=\"wp-block-image\"><figure class=\"alignleft size-large\"><img loading=\"lazy\" decoding=\"async\" width=\"1024\" height=\"768\" src=\"https:\/\/lernspatzen.de\/wp-content\/uploads\/2020\/11\/20201104_121037-1024x768.jpg\" alt=\"\" class=\"wp-image-1068\" srcset=\"https:\/\/lernspatzen.de\/wp-content\/uploads\/2020\/11\/20201104_121037-1024x768.jpg 1024w, https:\/\/lernspatzen.de\/wp-content\/uploads\/2020\/11\/20201104_121037-300x225.jpg 300w, https:\/\/lernspatzen.de\/wp-content\/uploads\/2020\/11\/20201104_121037-768x576.jpg 768w, https:\/\/lernspatzen.de\/wp-content\/uploads\/2020\/11\/20201104_121037-1536x1152.jpg 1536w, https:\/\/lernspatzen.de\/wp-content\/uploads\/2020\/11\/20201104_121037-2048x1536.jpg 2048w\" sizes=\"auto, (max-width: 1024px) 100vw, 1024px\" \/><\/figure><\/div>\n\n\n\n<p>-spielerische Auseinandersetzung mit den Themen: Gef\u00fchle, v. a. Wut, aber auch Entspannung &amp; Beruhigung, K\u00f6rpersprache, Aufmerksamkeit und Zuh\u00f6ren, verschiedene Rollenspiele zum Thema Konflikte im Schulalltag<\/p>\n\n\n\n<figure class=\"wp-block-image size-large\"><img loading=\"lazy\" decoding=\"async\" width=\"1024\" height=\"768\" src=\"https:\/\/lernspatzen.de\/wp-content\/uploads\/2020\/11\/20201104_121044-1024x768.jpg\" alt=\"\" class=\"wp-image-1073\" srcset=\"https:\/\/lernspatzen.de\/wp-content\/uploads\/2020\/11\/20201104_121044-1024x768.jpg 1024w, https:\/\/lernspatzen.de\/wp-content\/uploads\/2020\/11\/20201104_121044-300x225.jpg 300w, https:\/\/lernspatzen.de\/wp-content\/uploads\/2020\/11\/20201104_121044-768x576.jpg 768w, https:\/\/lernspatzen.de\/wp-content\/uploads\/2020\/11\/20201104_121044-1536x1152.jpg 1536w, https:\/\/lernspatzen.de\/wp-content\/uploads\/2020\/11\/20201104_121044-2048x1536.jpg 2048w\" sizes=\"auto, (max-width: 1024px) 100vw, 1024px\" \/><\/figure>\n\n\n\n<p>-Wahl der zuk\u00fcnftigen Streitschlichter durch Sch\u00fcler*innen selbst (P\u00e4dagog*innen begleiten nur diesen Prozess, haben kein Stimmrecht und d\u00fcrfen die Wahl auch nicht durch Kommentare beeinflussen)<\/p>\n\n\n\n<figure class=\"wp-block-image size-large\"><img loading=\"lazy\" decoding=\"async\" width=\"1024\" height=\"768\" src=\"https:\/\/lernspatzen.de\/wp-content\/uploads\/2020\/11\/20201104_121053-1024x768.jpg\" alt=\"\" class=\"wp-image-1069\" srcset=\"https:\/\/lernspatzen.de\/wp-content\/uploads\/2020\/11\/20201104_121053-1024x768.jpg 1024w, https:\/\/lernspatzen.de\/wp-content\/uploads\/2020\/11\/20201104_121053-300x225.jpg 300w, https:\/\/lernspatzen.de\/wp-content\/uploads\/2020\/11\/20201104_121053-768x576.jpg 768w, https:\/\/lernspatzen.de\/wp-content\/uploads\/2020\/11\/20201104_121053-1536x1152.jpg 1536w, https:\/\/lernspatzen.de\/wp-content\/uploads\/2020\/11\/20201104_121053-2048x1536.jpg 2048w\" sizes=\"auto, (max-width: 1024px) 100vw, 1024px\" \/><\/figure>\n\n\n\n<p>Phase II: (nach den Herbstferien bis Schuljahresende)<\/p>\n\n\n\n<p>-die gew\u00e4hlten Sch\u00fclerinnen und Sch\u00fcler werden 1x w\u00f6chentlich (Zeitumfang ca. 1,5 h) in einer Arbeitsgemeinschaft zum Streitschlichter ausgebildet<\/p>\n\n\n\n<figure class=\"wp-block-gallery columns-2 is-cropped wp-block-gallery-1 is-layout-flex wp-block-gallery-is-layout-flex\"><ul class=\"blocks-gallery-grid\"><li class=\"blocks-gallery-item\"><figure><img loading=\"lazy\" decoding=\"async\" width=\"1024\" height=\"768\" src=\"https:\/\/lernspatzen.de\/wp-content\/uploads\/2020\/11\/IMG_20201005_102913-1024x768.jpg\" alt=\"\" data-id=\"1074\" data-full-url=\"https:\/\/lernspatzen.de\/wp-content\/uploads\/2020\/11\/IMG_20201005_102913-scaled.jpg\" data-link=\"https:\/\/lernspatzen.de\/?attachment_id=1074\" class=\"wp-image-1074\" srcset=\"https:\/\/lernspatzen.de\/wp-content\/uploads\/2020\/11\/IMG_20201005_102913-1024x768.jpg 1024w, https:\/\/lernspatzen.de\/wp-content\/uploads\/2020\/11\/IMG_20201005_102913-300x225.jpg 300w, https:\/\/lernspatzen.de\/wp-content\/uploads\/2020\/11\/IMG_20201005_102913-768x576.jpg 768w, https:\/\/lernspatzen.de\/wp-content\/uploads\/2020\/11\/IMG_20201005_102913-1536x1152.jpg 1536w, https:\/\/lernspatzen.de\/wp-content\/uploads\/2020\/11\/IMG_20201005_102913-2048x1536.jpg 2048w\" sizes=\"auto, (max-width: 1024px) 100vw, 1024px\" \/><\/figure><\/li><li class=\"blocks-gallery-item\"><figure><img loading=\"lazy\" decoding=\"async\" width=\"1024\" height=\"768\" src=\"https:\/\/lernspatzen.de\/wp-content\/uploads\/2020\/11\/IMG_20201001_114624-1024x768.jpg\" alt=\"\" data-id=\"1070\" data-full-url=\"https:\/\/lernspatzen.de\/wp-content\/uploads\/2020\/11\/IMG_20201001_114624-scaled.jpg\" data-link=\"https:\/\/lernspatzen.de\/?attachment_id=1070\" class=\"wp-image-1070\" srcset=\"https:\/\/lernspatzen.de\/wp-content\/uploads\/2020\/11\/IMG_20201001_114624-1024x768.jpg 1024w, https:\/\/lernspatzen.de\/wp-content\/uploads\/2020\/11\/IMG_20201001_114624-300x225.jpg 300w, https:\/\/lernspatzen.de\/wp-content\/uploads\/2020\/11\/IMG_20201001_114624-768x576.jpg 768w, https:\/\/lernspatzen.de\/wp-content\/uploads\/2020\/11\/IMG_20201001_114624-1536x1152.jpg 1536w, https:\/\/lernspatzen.de\/wp-content\/uploads\/2020\/11\/IMG_20201001_114624-2048x1536.jpg 2048w\" sizes=\"auto, (max-width: 1024px) 100vw, 1024px\" \/><\/figure><\/li><\/ul><\/figure>\n","protected":false},"excerpt":{"rendered":"<p>Ein wichtiger Bestandteil unseres Schulalltags ist die Streitschlichterausbildung. Das Projekt findet in enger Zusammenarbeit mit Bettina Huppert-Hingst vom Bildungszentrum Saalfeld statt, die Erzieherinnen und Lehrkr\u00e4fte unserer Schule durch die einzelnen Phasen des Programmes begleitet.Schritt f\u00fcr Schritt wird es uns so erm\u00f6glicht, die Streitschlichterausbildung in Zukunft eigenst\u00e4ndig durchf\u00fchren zu k\u00f6nnen. Wir starteten mit dem Programm im [&hellip;]<\/p>\n","protected":false},"author":1,"featured_media":0,"parent":0,"menu_order":0,"comment_status":"closed","ping_status":"closed","template":"","meta":{"footnotes":""},"class_list":["post-184","page","type-page","status-publish","hentry"],"_links":{"self":[{"href":"https:\/\/lernspatzen.de\/index.php?rest_route=\/wp\/v2\/pages\/184","targetHints":{"allow":["GET"]}}],"collection":[{"href":"https:\/\/lernspatzen.de\/index.php?rest_route=\/wp\/v2\/pages"}],"about":[{"href":"https:\/\/lernspatzen.de\/index.php?rest_route=\/wp\/v2\/types\/page"}],"author":[{"embeddable":true,"href":"https:\/\/lernspatzen.de\/index.php?rest_route=\/wp\/v2\/users\/1"}],"replies":[{"embeddable":true,"href":"https:\/\/lernspatzen.de\/index.php?rest_route=%2Fwp%2Fv2%2Fcomments&post=184"}],"version-history":[{"count":5,"href":"https:\/\/lernspatzen.de\/index.php?rest_route=\/wp\/v2\/pages\/184\/revisions"}],"predecessor-version":[{"id":1133,"href":"https:\/\/lernspatzen.de\/index.php?rest_route=\/wp\/v2\/pages\/184\/revisions\/1133"}],"wp:attachment":[{"href":"https:\/\/lernspatzen.de\/index.php?rest_route=%2Fwp%2Fv2%2Fmedia&parent=184"}],"curies":[{"name":"wp","href":"https:\/\/api.w.org\/{rel}","templated":true}]}}