{"id":182,"date":"2019-11-15T12:29:36","date_gmt":"2019-11-15T12:29:36","guid":{"rendered":"https:\/\/lernspatzen.de\/?page_id=182"},"modified":"2020-12-13T12:14:00","modified_gmt":"2020-12-13T12:14:00","slug":"fit-4-future","status":"publish","type":"page","link":"https:\/\/lernspatzen.de\/?page_id=182","title":{"rendered":"Beweg dich, Schule!"},"content":{"rendered":"\n<p>In Kooperation mit der IKK und <a rel=\"noreferrer noopener\" aria-label=\"Sven Bresemann (\u00f6ffnet in neuem Tab)\" href=\"http:\/\/www.svenbresemann.de\" target=\"_blank\">Sven Bresemann<\/a> realisieren wir im Schuljahr 2020\/21 das Projekt &#8222;Beweg dich, Schule!&#8220;<\/p>\n\n\n\n<p>Bewegung ist ein wichtiger Bestandteil unseres Schulalltags. Nicht nur im Sportunterricht sondern auch in anderen F\u00e4chern spielt sie eine Rolle. Daher werden regelm\u00e4\u00dfig Bewegungspausen in den Unterricht integriert, die den Kindern dabei helfen, neue Motivation und Konzentration zu sch\u00f6pfen.<br>Gleichzeitig bieten sie auch M\u00f6glichkeiten der Lockerung und Entspannung.<br>Im Sommer 2020 lernten die Kolleginnen unserer Schule in einer Fortbildung weitere M\u00f6glichkeiten zur Einbindung von Bewegung in den Stundenplan kennen. Das Programm \u201eBeweg dich, Schule!\u201c von Dorothea Beigel zeigt noch einmal deutlich auf, dass Lernen und Bewegung eng miteinander verkn\u00fcpft sind. Das Konzept liefert Ideen, wie Unterrichtsinhalte durch kleine Spiele oder Bewegungsabl\u00e4ufe gefestigt und so nachhaltiger im Ged\u00e4chtnis der Kinder verankert werden k\u00f6nnen.<br>Au\u00dferdem wird durch Spielideen, wie z.B. das menschliche Zahlenmemory, bewegtes \u00dcben von Wortarten und viele mehr, die Freude am Lernen geweckt. Das Projekt wird von der IKK finanziert und durch Sven Bresemann, Diplom-Sportwissenschaftler mit verschiedensten Zusatzausbildungen, an unserer Schule begleitet. Anhand einer Fortbildung f\u00fcr die Lehrkr\u00e4fte und Projektstunden f\u00fcr die Sch\u00fclerinnen und Sch\u00fcler zeigt er, wie die Inhalte von \u201eBeweg dich, Schule!\u201c in den Unterrichtsalltag<br>eingebunden werden k\u00f6nnen und so mehr Bewegung auf eine effektive Art und Weise regelm\u00e4\u00dfig im Klassenzimmer stattfinden kann. Eine Elternveranstaltung geh\u00f6rt ebenfalls zum Projekt, ist aber<br>aufgrund der derzeitigen Situation noch nicht terminiert.<\/p>\n","protected":false},"excerpt":{"rendered":"<p>In Kooperation mit der IKK und Sven Bresemann realisieren wir im Schuljahr 2020\/21 das Projekt &#8222;Beweg dich, Schule!&#8220; Bewegung ist ein wichtiger Bestandteil unseres Schulalltags. Nicht nur im Sportunterricht sondern auch in anderen F\u00e4chern spielt sie eine Rolle. Daher werden regelm\u00e4\u00dfig Bewegungspausen in den Unterricht integriert, die den Kindern dabei helfen, neue Motivation und Konzentration [&hellip;]<\/p>\n","protected":false},"author":1,"featured_media":0,"parent":0,"menu_order":0,"comment_status":"closed","ping_status":"closed","template":"","meta":{"footnotes":""},"class_list":["post-182","page","type-page","status-publish","hentry"],"_links":{"self":[{"href":"https:\/\/lernspatzen.de\/index.php?rest_route=\/wp\/v2\/pages\/182","targetHints":{"allow":["GET"]}}],"collection":[{"href":"https:\/\/lernspatzen.de\/index.php?rest_route=\/wp\/v2\/pages"}],"about":[{"href":"https:\/\/lernspatzen.de\/index.php?rest_route=\/wp\/v2\/types\/page"}],"author":[{"embeddable":true,"href":"https:\/\/lernspatzen.de\/index.php?rest_route=\/wp\/v2\/users\/1"}],"replies":[{"embeddable":true,"href":"https:\/\/lernspatzen.de\/index.php?rest_route=%2Fwp%2Fv2%2Fcomments&post=182"}],"version-history":[{"count":5,"href":"https:\/\/lernspatzen.de\/index.php?rest_route=\/wp\/v2\/pages\/182\/revisions"}],"predecessor-version":[{"id":1197,"href":"https:\/\/lernspatzen.de\/index.php?rest_route=\/wp\/v2\/pages\/182\/revisions\/1197"}],"wp:attachment":[{"href":"https:\/\/lernspatzen.de\/index.php?rest_route=%2Fwp%2Fv2%2Fmedia&parent=182"}],"curies":[{"name":"wp","href":"https:\/\/api.w.org\/{rel}","templated":true}]}}