{"id":165,"date":"2019-11-15T12:25:03","date_gmt":"2019-11-15T12:25:03","guid":{"rendered":"https:\/\/lernspatzen.de\/?page_id=165"},"modified":"2022-11-04T05:59:35","modified_gmt":"2022-11-04T05:59:35","slug":"bilder","status":"publish","type":"page","link":"https:\/\/lernspatzen.de\/?page_id=165","title":{"rendered":"Bilder"},"content":{"rendered":"\n<p>Wandertag Herbst 2022<\/p>\n\n\n\n<p><\/p>\n\n\n\n<p>Demokratieprojekt<\/p>\n\n\n\n<figure class=\"wp-block-embed is-type-wp-embed is-provider-wordpress wp-block-embed-wordpress\"><div class=\"wp-block-embed__wrapper\">\n<blockquote class=\"wp-embedded-content\" data-secret=\"gnWm3Gujg0\"><a href=\"https:\/\/lernspatzen.de\/?page_id=180\">Ostern<\/a><\/blockquote><iframe loading=\"lazy\" class=\"wp-embedded-content\" sandbox=\"allow-scripts\" security=\"restricted\" style=\"position: absolute; clip: rect(1px, 1px, 1px, 1px);\" title=\"&#8222;Ostern&#8220; &#8212; \" src=\"https:\/\/lernspatzen.de\/?page_id=180&#038;embed=true#?secret=gnWm3Gujg0\" data-secret=\"gnWm3Gujg0\" width=\"600\" height=\"338\" frameborder=\"0\" marginwidth=\"0\" marginheight=\"0\" scrolling=\"no\"><\/iframe>\n<\/div><\/figure>\n\n\n\n<p><a href=\"https:\/\/lernspatzen.de\/?page_id=13\">Weihnachtsbasar im Hort &#8211; <\/a><\/p>\n\n\n\n<figure class=\"wp-block-gallery aligncenter columns-3 is-cropped wp-block-gallery-1 is-layout-flex wp-block-gallery-is-layout-flex\"><ul class=\"blocks-gallery-grid\"><li class=\"blocks-gallery-item\"><figure><img loading=\"lazy\" decoding=\"async\" width=\"1024\" height=\"960\" src=\"https:\/\/lernspatzen.de\/wp-content\/uploads\/2020\/10\/IMG_20201014_125135-1024x960.jpg\" alt=\"\" data-id=\"936\" data-full-url=\"https:\/\/lernspatzen.de\/wp-content\/uploads\/2020\/10\/IMG_20201014_125135.jpg\" data-link=\"https:\/\/lernspatzen.de\/?attachment_id=936\" class=\"wp-image-936\" srcset=\"https:\/\/lernspatzen.de\/wp-content\/uploads\/2020\/10\/IMG_20201014_125135-1024x960.jpg 1024w, https:\/\/lernspatzen.de\/wp-content\/uploads\/2020\/10\/IMG_20201014_125135-300x281.jpg 300w, https:\/\/lernspatzen.de\/wp-content\/uploads\/2020\/10\/IMG_20201014_125135-768x720.jpg 768w, https:\/\/lernspatzen.de\/wp-content\/uploads\/2020\/10\/IMG_20201014_125135-1536x1439.jpg 1536w, https:\/\/lernspatzen.de\/wp-content\/uploads\/2020\/10\/IMG_20201014_125135.jpg 2003w\" sizes=\"auto, (max-width: 1024px) 100vw, 1024px\" \/><figcaption class=\"blocks-gallery-item__caption\">Dr. Kania, Frau Bruckmann und Frau H\u00e4selbarth<\/figcaption><\/figure><\/li><li class=\"blocks-gallery-item\"><figure><img loading=\"lazy\" decoding=\"async\" width=\"1024\" height=\"683\" src=\"https:\/\/lernspatzen.de\/wp-content\/uploads\/2020\/10\/IMG_20201014_115730-1024x683.jpg\" alt=\"\" data-id=\"937\" data-full-url=\"https:\/\/lernspatzen.de\/wp-content\/uploads\/2020\/10\/IMG_20201014_115730-scaled.jpg\" data-link=\"https:\/\/lernspatzen.de\/?attachment_id=937\" class=\"wp-image-937\" srcset=\"https:\/\/lernspatzen.de\/wp-content\/uploads\/2020\/10\/IMG_20201014_115730-1024x683.jpg 1024w, https:\/\/lernspatzen.de\/wp-content\/uploads\/2020\/10\/IMG_20201014_115730-300x200.jpg 300w, https:\/\/lernspatzen.de\/wp-content\/uploads\/2020\/10\/IMG_20201014_115730-768x512.jpg 768w, https:\/\/lernspatzen.de\/wp-content\/uploads\/2020\/10\/IMG_20201014_115730-1536x1024.jpg 1536w, https:\/\/lernspatzen.de\/wp-content\/uploads\/2020\/10\/IMG_20201014_115730-2048x1365.jpg 2048w\" sizes=\"auto, (max-width: 1024px) 100vw, 1024px\" \/><\/figure><\/li><li class=\"blocks-gallery-item\"><figure><img loading=\"lazy\" decoding=\"async\" width=\"1024\" height=\"683\" src=\"https:\/\/lernspatzen.de\/wp-content\/uploads\/2020\/10\/IMG_20201014_125409-1024x683.jpg\" alt=\"\" data-id=\"935\" data-full-url=\"https:\/\/lernspatzen.de\/wp-content\/uploads\/2020\/10\/IMG_20201014_125409-scaled.jpg\" data-link=\"https:\/\/lernspatzen.de\/?attachment_id=935\" class=\"wp-image-935\" srcset=\"https:\/\/lernspatzen.de\/wp-content\/uploads\/2020\/10\/IMG_20201014_125409-1024x683.jpg 1024w, https:\/\/lernspatzen.de\/wp-content\/uploads\/2020\/10\/IMG_20201014_125409-300x200.jpg 300w, https:\/\/lernspatzen.de\/wp-content\/uploads\/2020\/10\/IMG_20201014_125409-768x512.jpg 768w, https:\/\/lernspatzen.de\/wp-content\/uploads\/2020\/10\/IMG_20201014_125409-1536x1024.jpg 1536w, https:\/\/lernspatzen.de\/wp-content\/uploads\/2020\/10\/IMG_20201014_125409-2048x1365.jpg 2048w\" sizes=\"auto, (max-width: 1024px) 100vw, 1024px\" \/><\/figure><\/li><\/ul><figcaption class=\"blocks-gallery-caption\"><strong>Offizielle Namensverleihung am 14.10.20<\/strong><\/figcaption><\/figure>\n\n\n\n<figure class=\"wp-block-embed is-type-wp-embed is-provider-wordpress wp-block-embed-wordpress\"><div class=\"wp-block-embed__wrapper\">\n<blockquote class=\"wp-embedded-content\" data-secret=\"boKsg1zdIs\"><a href=\"https:\/\/lernspatzen.de\/?page_id=174\">Herbst-Projektwoche<\/a><\/blockquote><iframe loading=\"lazy\" class=\"wp-embedded-content\" sandbox=\"allow-scripts\" security=\"restricted\" style=\"position: absolute; clip: rect(1px, 1px, 1px, 1px);\" title=\"&#8222;Herbst-Projektwoche&#8220; &#8212; \" src=\"https:\/\/lernspatzen.de\/?page_id=174&#038;embed=true#?secret=boKsg1zdIs\" data-secret=\"boKsg1zdIs\" width=\"600\" height=\"338\" frameborder=\"0\" marginwidth=\"0\" marginheight=\"0\" scrolling=\"no\"><\/iframe>\n<\/div><\/figure>\n\n\n\n<p>Sommerferien 2020<\/p>\n\n\n\n<script type=\"text\/javascript\">\r\ndocument.addEventListener(\"DOMContentLoaded\", function(event) { \r\n\tjQuery( '#slider-pro-3-779' ).sliderPro({\r\n\t\t\/\/width\r\n\t\t\t\twidth: 1000,\r\n\t\t\t\t\r\n\t\t\/\/height\r\n\t\t\t\theight: 500,\r\n\t\t\t\t\r\n\t\t\/\/auto play\r\n\t\t\t\tautoplay:  true,\r\n\t\tautoplayOnHover: 'none',\r\n\t\t\t\t\t\t\t\tautoplayDelay: 5000,\r\n\t\t\r\n\t\t\r\n\t\tarrows: true,\r\n\t\tbuttons: true,\r\n\t\tsmallSize: 500,\r\n\t\tmediumSize: 1000,\r\n\t\tlargeSize: 3000,\r\n\t\tfade: true,\r\n\t\t\r\n\t\t\/\/thumbnail\r\n\t\tthumbnailArrows: true,\r\n\t\tthumbnailWidth: 120,\r\n\t\tthumbnailHeight: 120,\r\n\t\t\t\t\t\tthumbnailsPosition: 'bottom',\r\n\t\t\t\t\t\tcenterImage: true,\r\n\t\timageScaleMode: 'cover',\r\n\t\tallowScaleUp: true,\r\n\t\t\t\tstartSlide: 0,\r\n\t\tloop: true,\r\n\t\tslideDistance: 5,\r\n\t\tautoplayDirection: 'normal',\r\n\t\ttouchSwipe: true,\r\n\t\tfullScreen: true,\r\n\t});\r\n});\r\n<\/script>\r\n\r\n<div id=\"uris-slider-title\">\r\n\t<h3 class=\"uris-slider-post-title\">Sommerferien2020<\/h3>\r\n<\/div>\r\n\t\t<div id=\"slider-pro-3-779\" class=\"slider-pro\">\r\n\t\t\t<!---- slides div start ---->\r\n\t\t\t<div class=\"sp-slides\">\r\n\t\t\t\t\t\t\t\t\t\t<div class=\"sp-slide\">\r\n\t\t\t\t\t\t\t<img decoding=\"async\" class=\"sp-image\" loading=\"lazy\" alt=\"IMG-20200825-WA0024\" src=\"https:\/\/lernspatzen.de\/wp-content\/plugins\/ultimate-responsive-image-slider\/assets\/css\/images\/blank.gif\" data-src=\"https:\/\/lernspatzen.de\/wp-content\/uploads\/2020\/08\/IMG-20200825-WA0024.jpg\" \/>\r\n\r\n\t\t\t\t\t\t\t\r\n\t\t\t\t\t\t\t\t\t\t\t\t\t<\/div>\r\n\t\t\t\t\t\t\t\t\t\t\t\t<div class=\"sp-slide\">\r\n\t\t\t\t\t\t\t<img decoding=\"async\" class=\"sp-image\" loading=\"lazy\" alt=\"IMG-20200825-WA0023\" src=\"https:\/\/lernspatzen.de\/wp-content\/plugins\/ultimate-responsive-image-slider\/assets\/css\/images\/blank.gif\" data-src=\"https:\/\/lernspatzen.de\/wp-content\/uploads\/2020\/08\/IMG-20200825-WA0023-e1599071639898.jpg\" \/>\r\n\r\n\t\t\t\t\t\t\t\r\n\t\t\t\t\t\t\t\t\t\t\t\t\t<\/div>\r\n\t\t\t\t\t\t\t\t\t\t\t\t<div class=\"sp-slide\">\r\n\t\t\t\t\t\t\t<img decoding=\"async\" class=\"sp-image\" loading=\"lazy\" alt=\"IMG-20200825-WA0007\" src=\"https:\/\/lernspatzen.de\/wp-content\/plugins\/ultimate-responsive-image-slider\/assets\/css\/images\/blank.gif\" data-src=\"https:\/\/lernspatzen.de\/wp-content\/uploads\/2020\/08\/IMG-20200825-WA0007-e1599071469131.jpg\" \/>\r\n\r\n\t\t\t\t\t\t\t\r\n\t\t\t\t\t\t\t\t\t\t\t\t\t<\/div>\r\n\t\t\t\t\t\t\t\t\t\t\t\t<div class=\"sp-slide\">\r\n\t\t\t\t\t\t\t<img decoding=\"async\" class=\"sp-image\" loading=\"lazy\" alt=\"IMG-20200825-WA0020\" src=\"https:\/\/lernspatzen.de\/wp-content\/plugins\/ultimate-responsive-image-slider\/assets\/css\/images\/blank.gif\" data-src=\"https:\/\/lernspatzen.de\/wp-content\/uploads\/2020\/08\/IMG-20200825-WA0020.jpg\" \/>\r\n\r\n\t\t\t\t\t\t\t\r\n\t\t\t\t\t\t\t\t\t\t\t\t\t<\/div>\r\n\t\t\t\t\t\t\t\t\t\t\t\t<div class=\"sp-slide\">\r\n\t\t\t\t\t\t\t<img decoding=\"async\" class=\"sp-image\" loading=\"lazy\" alt=\"IMG-20200825-WA0013\" src=\"https:\/\/lernspatzen.de\/wp-content\/plugins\/ultimate-responsive-image-slider\/assets\/css\/images\/blank.gif\" data-src=\"https:\/\/lernspatzen.de\/wp-content\/uploads\/2020\/08\/IMG-20200825-WA0013-e1599071423342.jpg\" \/>\r\n\r\n\t\t\t\t\t\t\t\r\n\t\t\t\t\t\t\t\t\t\t\t\t\t<\/div>\r\n\t\t\t\t\t\t\t\t\t\t\t\t<div class=\"sp-slide\">\r\n\t\t\t\t\t\t\t<img decoding=\"async\" class=\"sp-image\" loading=\"lazy\" alt=\"IMG-20200825-WA0016\" src=\"https:\/\/lernspatzen.de\/wp-content\/plugins\/ultimate-responsive-image-slider\/assets\/css\/images\/blank.gif\" data-src=\"https:\/\/lernspatzen.de\/wp-content\/uploads\/2020\/08\/IMG-20200825-WA0016-e1599071731718.jpg\" \/>\r\n\r\n\t\t\t\t\t\t\t\r\n\t\t\t\t\t\t\t\t\t\t\t\t\t<\/div>\r\n\t\t\t\t\t\t\t\t\t\t\t\t<div class=\"sp-slide\">\r\n\t\t\t\t\t\t\t<img decoding=\"async\" class=\"sp-image\" loading=\"lazy\" alt=\"IMG-20200825-WA0009\" src=\"https:\/\/lernspatzen.de\/wp-content\/plugins\/ultimate-responsive-image-slider\/assets\/css\/images\/blank.gif\" data-src=\"https:\/\/lernspatzen.de\/wp-content\/uploads\/2020\/08\/IMG-20200825-WA0009.jpg\" \/>\r\n\r\n\t\t\t\t\t\t\t\r\n\t\t\t\t\t\t\t\t\t\t\t\t\t<\/div>\r\n\t\t\t\t\t\t\t\t\t\t\t\t<div class=\"sp-slide\">\r\n\t\t\t\t\t\t\t<img decoding=\"async\" class=\"sp-image\" loading=\"lazy\" alt=\"IMG-20200825-WA0008\" src=\"https:\/\/lernspatzen.de\/wp-content\/plugins\/ultimate-responsive-image-slider\/assets\/css\/images\/blank.gif\" data-src=\"https:\/\/lernspatzen.de\/wp-content\/uploads\/2020\/08\/IMG-20200825-WA0008.jpg\" \/>\r\n\r\n\t\t\t\t\t\t\t\r\n\t\t\t\t\t\t\t\t\t\t\t\t\t<\/div>\r\n\t\t\t\t\t\t\t\t\t\t\t\t<div class=\"sp-slide\">\r\n\t\t\t\t\t\t\t<img decoding=\"async\" class=\"sp-image\" loading=\"lazy\" alt=\"IMG-20200825-WA0006\" src=\"https:\/\/lernspatzen.de\/wp-content\/plugins\/ultimate-responsive-image-slider\/assets\/css\/images\/blank.gif\" data-src=\"https:\/\/lernspatzen.de\/wp-content\/uploads\/2020\/08\/IMG-20200825-WA0006-e1599071708182.jpg\" \/>\r\n\r\n\t\t\t\t\t\t\t\r\n\t\t\t\t\t\t\t\t\t\t\t\t\t<\/div>\r\n\t\t\t\t\t\t\t\t\t\t\t\t<div class=\"sp-slide\">\r\n\t\t\t\t\t\t\t<img decoding=\"async\" class=\"sp-image\" loading=\"lazy\" alt=\"btf\" src=\"https:\/\/lernspatzen.de\/wp-content\/plugins\/ultimate-responsive-image-slider\/assets\/css\/images\/blank.gif\" data-src=\"https:\/\/lernspatzen.de\/wp-content\/uploads\/2020\/09\/IMG_20200811_184255-e1599071488950.jpg\" \/>\r\n\r\n\t\t\t\t\t\t\t\r\n\t\t\t\t\t\t\t\t\t\t\t\t\t<\/div>\r\n\t\t\t\t\t\t\t\t\t\t\t\t<div class=\"sp-slide\">\r\n\t\t\t\t\t\t\t<img decoding=\"async\" class=\"sp-image\" loading=\"lazy\" alt=\"IMG_20200729_104902\" src=\"https:\/\/lernspatzen.de\/wp-content\/plugins\/ultimate-responsive-image-slider\/assets\/css\/images\/blank.gif\" data-src=\"https:\/\/lernspatzen.de\/wp-content\/uploads\/2020\/09\/IMG_20200729_104902.jpg\" \/>\r\n\r\n\t\t\t\t\t\t\t\r\n\t\t\t\t\t\t\t\t\t\t\t\t\t<\/div>\r\n\t\t\t\t\t\t\t\t\t\t\t\t<div class=\"sp-slide\">\r\n\t\t\t\t\t\t\t<img decoding=\"async\" class=\"sp-image\" loading=\"lazy\" alt=\"IMG_20200729_115452\" src=\"https:\/\/lernspatzen.de\/wp-content\/plugins\/ultimate-responsive-image-slider\/assets\/css\/images\/blank.gif\" data-src=\"https:\/\/lernspatzen.de\/wp-content\/uploads\/2020\/09\/IMG_20200729_115452.jpg\" \/>\r\n\r\n\t\t\t\t\t\t\t\r\n\t\t\t\t\t\t\t\t\t\t\t\t\t<\/div>\r\n\t\t\t\t\t\t\t\t\t\t\t\t<div class=\"sp-slide\">\r\n\t\t\t\t\t\t\t<img decoding=\"async\" class=\"sp-image\" loading=\"lazy\" alt=\"IMG_20200729_120445\" src=\"https:\/\/lernspatzen.de\/wp-content\/plugins\/ultimate-responsive-image-slider\/assets\/css\/images\/blank.gif\" data-src=\"https:\/\/lernspatzen.de\/wp-content\/uploads\/2020\/09\/IMG_20200729_120445-e1599071511982.jpg\" \/>\r\n\r\n\t\t\t\t\t\t\t\r\n\t\t\t\t\t\t\t\t\t\t\t\t\t<\/div>\r\n\t\t\t\t\t\t\t\t\t\t\t\t<div class=\"sp-slide\">\r\n\t\t\t\t\t\t\t<img decoding=\"async\" class=\"sp-image\" loading=\"lazy\" alt=\"IMG_20200729_115715\" src=\"https:\/\/lernspatzen.de\/wp-content\/plugins\/ultimate-responsive-image-slider\/assets\/css\/images\/blank.gif\" data-src=\"https:\/\/lernspatzen.de\/wp-content\/uploads\/2020\/09\/IMG_20200729_115715.jpg\" \/>\r\n\r\n\t\t\t\t\t\t\t\r\n\t\t\t\t\t\t\t\t\t\t\t\t\t<\/div>\r\n\t\t\t\t\t\t\t\t\t\t\t\t<div class=\"sp-slide\">\r\n\t\t\t\t\t\t\t<img decoding=\"async\" class=\"sp-image\" loading=\"lazy\" alt=\"IMG_20200729_105227\" src=\"https:\/\/lernspatzen.de\/wp-content\/plugins\/ultimate-responsive-image-slider\/assets\/css\/images\/blank.gif\" data-src=\"https:\/\/lernspatzen.de\/wp-content\/uploads\/2020\/09\/IMG_20200729_105227.jpg\" \/>\r\n\r\n\t\t\t\t\t\t\t\r\n\t\t\t\t\t\t\t\t\t\t\t\t\t<\/div>\r\n\t\t\t\t\t\t\t\t\t\t\t\t<div class=\"sp-slide\">\r\n\t\t\t\t\t\t\t<img decoding=\"async\" class=\"sp-image\" loading=\"lazy\" alt=\"IMG_20200729_115633\" src=\"https:\/\/lernspatzen.de\/wp-content\/plugins\/ultimate-responsive-image-slider\/assets\/css\/images\/blank.gif\" data-src=\"https:\/\/lernspatzen.de\/wp-content\/uploads\/2020\/09\/IMG_20200729_115633-e1599071536585.jpg\" \/>\r\n\r\n\t\t\t\t\t\t\t\r\n\t\t\t\t\t\t\t\t\t\t\t\t\t<\/div>\r\n\t\t\t\t\t\t\t\t\t\t\t\t<div class=\"sp-slide\">\r\n\t\t\t\t\t\t\t<img decoding=\"async\" class=\"sp-image\" loading=\"lazy\" alt=\"IMG_20200729_105636\" src=\"https:\/\/lernspatzen.de\/wp-content\/plugins\/ultimate-responsive-image-slider\/assets\/css\/images\/blank.gif\" data-src=\"https:\/\/lernspatzen.de\/wp-content\/uploads\/2020\/09\/IMG_20200729_105636.jpg\" \/>\r\n\r\n\t\t\t\t\t\t\t\r\n\t\t\t\t\t\t\t\t\t\t\t\t\t<\/div>\r\n\t\t\t\t\t\t\t\t\t<\/div>\r\n\t\t\t\r\n\t\t\t<!---- slides div end ---->\r\n\t\t\t\t\t\t<!-- slides thumbnails div start -->\r\n\t\t\t<div class=\"sp-thumbnails\">\r\n\t\t\t\t\t\t\t\t\t\t<img decoding=\"async\" class=\"sp-thumbnail\" loading=\"lazy\" src=\"https:\/\/lernspatzen.de\/wp-content\/plugins\/ultimate-responsive-image-slider\/assets\/img\/loading.gif\" data-src=\"https:\/\/lernspatzen.de\/wp-content\/uploads\/2020\/08\/IMG-20200825-WA0024-300x225.jpg\" alt=\"IMG-20200825-WA0024\"\/>\r\n\t\t\t\t\t\t\t\t\t\t\t<img decoding=\"async\" class=\"sp-thumbnail\" loading=\"lazy\" src=\"https:\/\/lernspatzen.de\/wp-content\/plugins\/ultimate-responsive-image-slider\/assets\/img\/loading.gif\" data-src=\"https:\/\/lernspatzen.de\/wp-content\/uploads\/2020\/08\/IMG-20200825-WA0023-e1599071639898-300x200.jpg\" alt=\"IMG-20200825-WA0023\"\/>\r\n\t\t\t\t\t\t\t\t\t\t\t<img decoding=\"async\" class=\"sp-thumbnail\" loading=\"lazy\" src=\"https:\/\/lernspatzen.de\/wp-content\/plugins\/ultimate-responsive-image-slider\/assets\/img\/loading.gif\" data-src=\"https:\/\/lernspatzen.de\/wp-content\/uploads\/2020\/08\/IMG-20200825-WA0007-e1599071469131-300x224.jpg\" alt=\"IMG-20200825-WA0007\"\/>\r\n\t\t\t\t\t\t\t\t\t\t\t<img decoding=\"async\" class=\"sp-thumbnail\" loading=\"lazy\" src=\"https:\/\/lernspatzen.de\/wp-content\/plugins\/ultimate-responsive-image-slider\/assets\/img\/loading.gif\" data-src=\"https:\/\/lernspatzen.de\/wp-content\/uploads\/2020\/08\/IMG-20200825-WA0020-300x225.jpg\" alt=\"IMG-20200825-WA0020\"\/>\r\n\t\t\t\t\t\t\t\t\t\t\t<img decoding=\"async\" class=\"sp-thumbnail\" loading=\"lazy\" src=\"https:\/\/lernspatzen.de\/wp-content\/plugins\/ultimate-responsive-image-slider\/assets\/img\/loading.gif\" data-src=\"https:\/\/lernspatzen.de\/wp-content\/uploads\/2020\/08\/IMG-20200825-WA0013-e1599071423342-300x201.jpg\" alt=\"IMG-20200825-WA0013\"\/>\r\n\t\t\t\t\t\t\t\t\t\t\t<img decoding=\"async\" class=\"sp-thumbnail\" loading=\"lazy\" src=\"https:\/\/lernspatzen.de\/wp-content\/plugins\/ultimate-responsive-image-slider\/assets\/img\/loading.gif\" data-src=\"https:\/\/lernspatzen.de\/wp-content\/uploads\/2020\/08\/IMG-20200825-WA0016-e1599071731718-300x200.jpg\" alt=\"IMG-20200825-WA0016\"\/>\r\n\t\t\t\t\t\t\t\t\t\t\t<img decoding=\"async\" class=\"sp-thumbnail\" loading=\"lazy\" src=\"https:\/\/lernspatzen.de\/wp-content\/plugins\/ultimate-responsive-image-slider\/assets\/img\/loading.gif\" data-src=\"https:\/\/lernspatzen.de\/wp-content\/uploads\/2020\/08\/IMG-20200825-WA0009-300x225.jpg\" alt=\"IMG-20200825-WA0009\"\/>\r\n\t\t\t\t\t\t\t\t\t\t\t<img decoding=\"async\" class=\"sp-thumbnail\" loading=\"lazy\" src=\"https:\/\/lernspatzen.de\/wp-content\/plugins\/ultimate-responsive-image-slider\/assets\/img\/loading.gif\" data-src=\"https:\/\/lernspatzen.de\/wp-content\/uploads\/2020\/08\/IMG-20200825-WA0008-300x225.jpg\" alt=\"IMG-20200825-WA0008\"\/>\r\n\t\t\t\t\t\t\t\t\t\t\t<img decoding=\"async\" class=\"sp-thumbnail\" loading=\"lazy\" src=\"https:\/\/lernspatzen.de\/wp-content\/plugins\/ultimate-responsive-image-slider\/assets\/img\/loading.gif\" data-src=\"https:\/\/lernspatzen.de\/wp-content\/uploads\/2020\/08\/IMG-20200825-WA0006-e1599071708182-300x205.jpg\" alt=\"IMG-20200825-WA0006\"\/>\r\n\t\t\t\t\t\t\t\t\t\t\t<img decoding=\"async\" class=\"sp-thumbnail\" loading=\"lazy\" src=\"https:\/\/lernspatzen.de\/wp-content\/plugins\/ultimate-responsive-image-slider\/assets\/img\/loading.gif\" data-src=\"https:\/\/lernspatzen.de\/wp-content\/uploads\/2020\/09\/IMG_20200811_184255-e1599071488950-300x192.jpg\" alt=\"btf\"\/>\r\n\t\t\t\t\t\t\t\t\t\t\t<img decoding=\"async\" class=\"sp-thumbnail\" loading=\"lazy\" src=\"https:\/\/lernspatzen.de\/wp-content\/plugins\/ultimate-responsive-image-slider\/assets\/img\/loading.gif\" data-src=\"https:\/\/lernspatzen.de\/wp-content\/uploads\/2020\/09\/IMG_20200729_104902-300x225.jpg\" alt=\"IMG_20200729_104902\"\/>\r\n\t\t\t\t\t\t\t\t\t\t\t<img decoding=\"async\" class=\"sp-thumbnail\" loading=\"lazy\" src=\"https:\/\/lernspatzen.de\/wp-content\/plugins\/ultimate-responsive-image-slider\/assets\/img\/loading.gif\" data-src=\"https:\/\/lernspatzen.de\/wp-content\/uploads\/2020\/09\/IMG_20200729_115452-300x225.jpg\" alt=\"IMG_20200729_115452\"\/>\r\n\t\t\t\t\t\t\t\t\t\t\t<img decoding=\"async\" class=\"sp-thumbnail\" loading=\"lazy\" src=\"https:\/\/lernspatzen.de\/wp-content\/plugins\/ultimate-responsive-image-slider\/assets\/img\/loading.gif\" data-src=\"https:\/\/lernspatzen.de\/wp-content\/uploads\/2020\/09\/IMG_20200729_120445-e1599071511982-300x211.jpg\" alt=\"IMG_20200729_120445\"\/>\r\n\t\t\t\t\t\t\t\t\t\t\t<img decoding=\"async\" class=\"sp-thumbnail\" loading=\"lazy\" src=\"https:\/\/lernspatzen.de\/wp-content\/plugins\/ultimate-responsive-image-slider\/assets\/img\/loading.gif\" data-src=\"https:\/\/lernspatzen.de\/wp-content\/uploads\/2020\/09\/IMG_20200729_115715-300x225.jpg\" alt=\"IMG_20200729_115715\"\/>\r\n\t\t\t\t\t\t\t\t\t\t\t<img decoding=\"async\" class=\"sp-thumbnail\" loading=\"lazy\" src=\"https:\/\/lernspatzen.de\/wp-content\/plugins\/ultimate-responsive-image-slider\/assets\/img\/loading.gif\" data-src=\"https:\/\/lernspatzen.de\/wp-content\/uploads\/2020\/09\/IMG_20200729_105227-300x225.jpg\" alt=\"IMG_20200729_105227\"\/>\r\n\t\t\t\t\t\t\t\t\t\t\t<img decoding=\"async\" class=\"sp-thumbnail\" loading=\"lazy\" src=\"https:\/\/lernspatzen.de\/wp-content\/plugins\/ultimate-responsive-image-slider\/assets\/img\/loading.gif\" data-src=\"https:\/\/lernspatzen.de\/wp-content\/uploads\/2020\/09\/IMG_20200729_115633-e1599071536585-300x199.jpg\" alt=\"IMG_20200729_115633\"\/>\r\n\t\t\t\t\t\t\t\t\t\t\t<img decoding=\"async\" class=\"sp-thumbnail\" loading=\"lazy\" src=\"https:\/\/lernspatzen.de\/wp-content\/plugins\/ultimate-responsive-image-slider\/assets\/img\/loading.gif\" data-src=\"https:\/\/lernspatzen.de\/wp-content\/uploads\/2020\/09\/IMG_20200729_105636-300x225.jpg\" alt=\"IMG_20200729_105636\"\/>\r\n\t\t\t\t\t\t\t\t<\/div>\r\n\t\t\t\t\t\t<!-- slides thumbnails div end -->\r\n\t\t<\/div>\r\n\t\t<style>\r\n\/* Layout 3 *\/\r\n\/* border *\/\r\n#slider-pro-3-779 .sp-selected-thumbnail {\r\n\tborder: 4px solid #000000;\r\n}\r\n\r\n\/* font + color *\/\r\n.title-in  {\r\n\tfont-family: Arial !important;\r\n\tcolor: #FFFFFF !important;\r\n\tbackground-color: #000000 !important;\r\n\topacity: 0.7 !important;\r\n}\r\n.desc-in  {\r\n\tfont-family: Arial !important;\r\n\tcolor: #FFFFFF !important;\r\n\tbackground-color: #00000 !important;\r\n\topacity: 0.7 !important;\r\n}\r\n\r\n\/* bullets color *\/\r\n.sp-button  {\r\n\tborder: 2px solid #000000 !important;\r\n}\r\n.sp-selected-button  {\r\n\tbackground-color: #000000 !important;\r\n}\r\n\r\n\/* pointer color - bottom *\/\r\n.sp-selected-thumbnail::before {\r\n\tborder-bottom: 5px solid #000000 !important;\r\n}\r\n.sp-selected-thumbnail::after {\r\n\tborder-bottom: 13px solid #000000 !important;\r\n}\r\n\r\n\/* pointer color - top *\/\r\n\r\n\/* full screen icon *\/\r\n.sp-full-screen-button::before {\r\n    color: #FFFFFF !important;\r\n}\r\n\r\n\/* hover navigation icon color *\/\r\n.sp-next-arrow::after, .sp-next-arrow::before {\r\n\tbackground-color: #FFFFFF !important;\r\n}\r\n.sp-previous-arrow::after, .sp-previous-arrow::before {\r\n\tbackground-color: #FFFFFF !important;\r\n}\r\n\r\n#slider-pro-3-779 .title-in {\r\n\tcolor: #FFFFFF !important;\r\n\tfont-weight: bolder;\r\n\ttext-align: center;\r\n}\r\n\r\n#slider-pro-3-779 .title-in-bg {\r\n\tbackground: rgba(255, 255, 255, 0.7); !important;\r\n\twhite-space: unset !important;\r\n\ttransform: initial !important;\r\n\t-webkit-transform: initial !important;\r\n\tfont-size: 14px !important;\r\n}\r\n\r\n#slider-pro-3-779 .desc-in {\r\n\tcolor: #FFFFFF !important;\r\n\ttext-align: center;\r\n}\r\n#slider-pro-3-779 .desc-in-bg {\r\n\tbackground: rgba(#00000, 0.7) !important;\r\n\twhite-space: unset !important;\r\n\ttransform: initial !important;\r\n\t-webkit-transform: initial !important;\r\n\tfont-size: 13px !important;\r\n}\r\n\r\n@media (max-width: 640px) {\r\n\t#slider-pro-3-779 .hide-small-screen {\r\n\t\tdisplay: none;\r\n\t}\r\n}\r\n\r\n@media (max-width: 860px) {\r\n\t#slider-pro-3-779 .sp-layer {\r\n\t\tfont-size: 18px;\r\n\t}\r\n\t\r\n\t#slider-pro-3-779 .hide-medium-screen {\r\n\t\tdisplay: none;\r\n\t}\r\n}\r\n.slides-not-found {\r\n\tbackground-color: #a92929;\r\n\tborder-radius: 5px;\r\n\tcolor: #fff;\r\n\tfont-family: initial;\r\n\ttext-align: center;\r\n\tpadding:12px;\r\n}\r\n\/* Custom CSS *\/\r\n<\/style>\r\n\n\n\n\n<p>Martinstag:<br>Seit \u00fcber 15 Jahren ist es an unserer Schule zur Tradition geworden, den Martinstag zu feiern. <\/p>\n\n\n\n<figure class=\"wp-block-image\"><img loading=\"lazy\" decoding=\"async\" width=\"1024\" height=\"768\" src=\"https:\/\/lernspatzen.de\/wp-content\/uploads\/2020\/01\/IMG_20181108_184008-1024x768.jpg\" alt=\"\" class=\"wp-image-489\" srcset=\"https:\/\/lernspatzen.de\/wp-content\/uploads\/2020\/01\/IMG_20181108_184008-1024x768.jpg 1024w, https:\/\/lernspatzen.de\/wp-content\/uploads\/2020\/01\/IMG_20181108_184008-300x225.jpg 300w, https:\/\/lernspatzen.de\/wp-content\/uploads\/2020\/01\/IMG_20181108_184008-768x576.jpg 768w, https:\/\/lernspatzen.de\/wp-content\/uploads\/2020\/01\/IMG_20181108_184008-500x375.jpg 500w\" sizes=\"auto, (max-width: 1024px) 100vw, 1024px\" \/><\/figure>\n\n\n\n<p>Nicht weniger wichtig als im 4. Jahrhundert ist die N\u00e4chstenliebe in der heutigen Zeit. Im Ethikunterricht erfahren die Kinder, wer der Heilige Martin eigentlich war, wie er gelebt und was er getan hat und warum wir ihn heute noch ehren. <\/p>\n\n\n\n<figure class=\"wp-block-image\"><img loading=\"lazy\" decoding=\"async\" width=\"1024\" height=\"768\" src=\"https:\/\/lernspatzen.de\/wp-content\/uploads\/2020\/01\/IMG_20191107_183753-1024x768.jpg\" alt=\"\" class=\"wp-image-488\" srcset=\"https:\/\/lernspatzen.de\/wp-content\/uploads\/2020\/01\/IMG_20191107_183753-1024x768.jpg 1024w, https:\/\/lernspatzen.de\/wp-content\/uploads\/2020\/01\/IMG_20191107_183753-300x225.jpg 300w, https:\/\/lernspatzen.de\/wp-content\/uploads\/2020\/01\/IMG_20191107_183753-768x576.jpg 768w, https:\/\/lernspatzen.de\/wp-content\/uploads\/2020\/01\/IMG_20191107_183753-500x375.jpg 500w\" sizes=\"auto, (max-width: 1024px) 100vw, 1024px\" \/><\/figure>\n\n\n\n<p>Zwischen dem 8. (dem eigentlichen Todestag) und dem 11. November (wird heute Martinstag gefeiert) treffen sich die Sch\u00fcler mit ihren Eltern, Geschwistern und Gro\u00dfeltern auf dem Schulhof der Grundschule. Angef\u00fchrt von der Schallmeinkapelle Kamsdorf startet ein gro\u00dfer Fackel\/ Lampionumzug durch die Stra\u00dfen von Gorndorf. Zum Abschluss gibt es f\u00fcr alle leckere Bratw\u00fcrste und hei\u00dfe Getr\u00e4nke.<\/p>\n\n\n\n<hr class=\"wp-block-separator is-style-wide\"\/>\n\n\n\n<p><a href=\"https:\/\/lernspatzen.de\/?page_id=13\">Tombola im Hort<\/a><\/p>\n","protected":false},"excerpt":{"rendered":"<p>Wandertag Herbst 2022 Demokratieprojekt Weihnachtsbasar im Hort &#8211; Sommerferien 2020 Martinstag:Seit \u00fcber 15 Jahren ist es an unserer Schule zur Tradition geworden, den Martinstag zu feiern. Nicht weniger wichtig als im 4. Jahrhundert ist die N\u00e4chstenliebe in der heutigen Zeit. Im Ethikunterricht erfahren die Kinder, wer der Heilige Martin eigentlich war, wie er gelebt und [&hellip;]<\/p>\n","protected":false},"author":1,"featured_media":0,"parent":0,"menu_order":0,"comment_status":"closed","ping_status":"closed","template":"","meta":{"footnotes":""},"class_list":["post-165","page","type-page","status-publish","hentry"],"_links":{"self":[{"href":"https:\/\/lernspatzen.de\/index.php?rest_route=\/wp\/v2\/pages\/165","targetHints":{"allow":["GET"]}}],"collection":[{"href":"https:\/\/lernspatzen.de\/index.php?rest_route=\/wp\/v2\/pages"}],"about":[{"href":"https:\/\/lernspatzen.de\/index.php?rest_route=\/wp\/v2\/types\/page"}],"author":[{"embeddable":true,"href":"https:\/\/lernspatzen.de\/index.php?rest_route=\/wp\/v2\/users\/1"}],"replies":[{"embeddable":true,"href":"https:\/\/lernspatzen.de\/index.php?rest_route=%2Fwp%2Fv2%2Fcomments&post=165"}],"version-history":[{"count":16,"href":"https:\/\/lernspatzen.de\/index.php?rest_route=\/wp\/v2\/pages\/165\/revisions"}],"predecessor-version":[{"id":2117,"href":"https:\/\/lernspatzen.de\/index.php?rest_route=\/wp\/v2\/pages\/165\/revisions\/2117"}],"wp:attachment":[{"href":"https:\/\/lernspatzen.de\/index.php?rest_route=%2Fwp%2Fv2%2Fmedia&parent=165"}],"curies":[{"name":"wp","href":"https:\/\/api.w.org\/{rel}","templated":true}]}}