{"id":161,"date":"2019-11-15T12:23:56","date_gmt":"2019-11-15T12:23:56","guid":{"rendered":"https:\/\/lernspatzen.de\/?page_id=161"},"modified":"2021-03-02T09:44:41","modified_gmt":"2021-03-02T09:44:41","slug":"monatsplan","status":"publish","type":"page","link":"https:\/\/lernspatzen.de\/?page_id=161","title":{"rendered":"Lehrwerke 2020\/2021"},"content":{"rendered":"\n<figure class=\"wp-block-table aligncenter is-style-regular\"><table><tbody><tr><td><\/td><td>Mathematik<\/td><td>Deutsch<\/td><\/tr><tr><td>Klasse 1<\/td><td><\/td><td><\/td><\/tr><tr><td>Klasse 2<\/td><td><\/td><td><\/td><\/tr><tr><td>Klasse 3<\/td><td><\/td><td><\/td><\/tr><tr><td>Klasse 4<\/td><td>Zahlenzauber<br>Oldenbourg<\/td><td>Piri<br>Klett<\/td><\/tr><\/tbody><\/table><\/figure>\n\n\n\n<p>F\u00fcr alle\nKinder mit erh\u00f6htem p\u00e4dagogischen oder sonderp\u00e4dagogischen F\u00f6rderbedarf w\u00e4hlen\nwir dem Leistungs- und Entwicklungsstand entsprechend individuell angepasste Arbeitsmaterialien\naus.<\/p>\n","protected":false},"excerpt":{"rendered":"<p>Mathematik Deutsch Klasse 1 Klasse 2 Klasse 3 Klasse 4 ZahlenzauberOldenbourg PiriKlett F\u00fcr alle Kinder mit erh\u00f6htem p\u00e4dagogischen oder sonderp\u00e4dagogischen F\u00f6rderbedarf w\u00e4hlen wir dem Leistungs- und Entwicklungsstand entsprechend individuell angepasste Arbeitsmaterialien aus.<\/p>\n","protected":false},"author":1,"featured_media":0,"parent":0,"menu_order":0,"comment_status":"closed","ping_status":"closed","template":"","meta":{"footnotes":""},"class_list":["post-161","page","type-page","status-publish","hentry"],"_links":{"self":[{"href":"https:\/\/lernspatzen.de\/index.php?rest_route=\/wp\/v2\/pages\/161","targetHints":{"allow":["GET"]}}],"collection":[{"href":"https:\/\/lernspatzen.de\/index.php?rest_route=\/wp\/v2\/pages"}],"about":[{"href":"https:\/\/lernspatzen.de\/index.php?rest_route=\/wp\/v2\/types\/page"}],"author":[{"embeddable":true,"href":"https:\/\/lernspatzen.de\/index.php?rest_route=\/wp\/v2\/users\/1"}],"replies":[{"embeddable":true,"href":"https:\/\/lernspatzen.de\/index.php?rest_route=%2Fwp%2Fv2%2Fcomments&post=161"}],"version-history":[{"count":6,"href":"https:\/\/lernspatzen.de\/index.php?rest_route=\/wp\/v2\/pages\/161\/revisions"}],"predecessor-version":[{"id":1305,"href":"https:\/\/lernspatzen.de\/index.php?rest_route=\/wp\/v2\/pages\/161\/revisions\/1305"}],"wp:attachment":[{"href":"https:\/\/lernspatzen.de\/index.php?rest_route=%2Fwp%2Fv2%2Fmedia&parent=161"}],"curies":[{"name":"wp","href":"https:\/\/api.w.org\/{rel}","templated":true}]}}