{"id":158,"date":"2019-11-15T12:20:24","date_gmt":"2019-11-15T12:20:24","guid":{"rendered":"https:\/\/lernspatzen.de\/?page_id=158"},"modified":"2021-11-25T10:36:27","modified_gmt":"2021-11-25T10:36:27","slug":"aktuelles","status":"publish","type":"page","link":"https:\/\/lernspatzen.de\/?page_id=158","title":{"rendered":"Aktuelles"},"content":{"rendered":"\n<p>das Aktuellste finden Sie immer auf der Startseite, Danke&#8230;<\/p>\n\n\n\n<figure class=\"wp-block-gallery columns-3 is-cropped wp-block-gallery-1 is-layout-flex wp-block-gallery-is-layout-flex\"><ul class=\"blocks-gallery-grid\"><li class=\"blocks-gallery-item\"><figure><img loading=\"lazy\" decoding=\"async\" width=\"1024\" height=\"575\" src=\"https:\/\/lernspatzen.de\/wp-content\/uploads\/2020\/10\/FB_IMG_1602686345243-1024x575.jpg\" alt=\"\" data-id=\"978\" data-full-url=\"https:\/\/lernspatzen.de\/wp-content\/uploads\/2020\/10\/FB_IMG_1602686345243.jpg\" data-link=\"https:\/\/lernspatzen.de\/?attachment_id=978\" class=\"wp-image-978\" srcset=\"https:\/\/lernspatzen.de\/wp-content\/uploads\/2020\/10\/FB_IMG_1602686345243-1024x575.jpg 1024w, https:\/\/lernspatzen.de\/wp-content\/uploads\/2020\/10\/FB_IMG_1602686345243-300x168.jpg 300w, https:\/\/lernspatzen.de\/wp-content\/uploads\/2020\/10\/FB_IMG_1602686345243-768x431.jpg 768w, https:\/\/lernspatzen.de\/wp-content\/uploads\/2020\/10\/FB_IMG_1602686345243.jpg 1080w\" sizes=\"auto, (max-width: 1024px) 100vw, 1024px\" \/><\/figure><\/li><li class=\"blocks-gallery-item\"><figure><img loading=\"lazy\" decoding=\"async\" width=\"1024\" height=\"683\" src=\"https:\/\/lernspatzen.de\/wp-content\/uploads\/2020\/10\/IMG_20201014_125409-1024x683.jpg\" alt=\"\" data-id=\"935\" data-full-url=\"https:\/\/lernspatzen.de\/wp-content\/uploads\/2020\/10\/IMG_20201014_125409-scaled.jpg\" data-link=\"https:\/\/lernspatzen.de\/?attachment_id=935\" class=\"wp-image-935\" srcset=\"https:\/\/lernspatzen.de\/wp-content\/uploads\/2020\/10\/IMG_20201014_125409-1024x683.jpg 1024w, https:\/\/lernspatzen.de\/wp-content\/uploads\/2020\/10\/IMG_20201014_125409-300x200.jpg 300w, https:\/\/lernspatzen.de\/wp-content\/uploads\/2020\/10\/IMG_20201014_125409-768x512.jpg 768w, https:\/\/lernspatzen.de\/wp-content\/uploads\/2020\/10\/IMG_20201014_125409-1536x1024.jpg 1536w, https:\/\/lernspatzen.de\/wp-content\/uploads\/2020\/10\/IMG_20201014_125409-2048x1365.jpg 2048w\" sizes=\"auto, (max-width: 1024px) 100vw, 1024px\" \/><\/figure><\/li><li class=\"blocks-gallery-item\"><figure><img loading=\"lazy\" decoding=\"async\" width=\"1024\" height=\"683\" src=\"https:\/\/lernspatzen.de\/wp-content\/uploads\/2020\/10\/IMG_20201014_115730-1024x683.jpg\" alt=\"\" data-id=\"937\" data-full-url=\"https:\/\/lernspatzen.de\/wp-content\/uploads\/2020\/10\/IMG_20201014_115730-scaled.jpg\" data-link=\"https:\/\/lernspatzen.de\/?attachment_id=937\" class=\"wp-image-937\" srcset=\"https:\/\/lernspatzen.de\/wp-content\/uploads\/2020\/10\/IMG_20201014_115730-1024x683.jpg 1024w, https:\/\/lernspatzen.de\/wp-content\/uploads\/2020\/10\/IMG_20201014_115730-300x200.jpg 300w, https:\/\/lernspatzen.de\/wp-content\/uploads\/2020\/10\/IMG_20201014_115730-768x512.jpg 768w, https:\/\/lernspatzen.de\/wp-content\/uploads\/2020\/10\/IMG_20201014_115730-1536x1024.jpg 1536w, https:\/\/lernspatzen.de\/wp-content\/uploads\/2020\/10\/IMG_20201014_115730-2048x1365.jpg 2048w\" sizes=\"auto, (max-width: 1024px) 100vw, 1024px\" \/><\/figure><\/li><\/ul><\/figure>\n\n\n\n<p>Ich m\u00f6chte Sie weiterhin dar\u00fcber informieren, dass wir uns nach mehreren Gespr\u00e4chen im Kollegium, im F\u00f6rderverein, mit dem Schultr\u00e4ger und dem Gesundheitsamt dazu entschlossen haben, <strong>das Weihnachtsprogramm f\u00fcr die Eltern abzusagen.<\/strong><\/p>\n\n\n\n<p>Die pandemiebedingten Auflagen, die f\u00fcr die Durchf\u00fchrung der Veranstaltungen n\u00f6tig w\u00e4ren, sind in der momentanen personellen Situation der Schule von uns nicht zu stemmen. Vor allem wollen wir kein Risiko eingehen. Wir hoffen auf Ihr Verst\u00e4ndnis.<\/p>\n\n\n\n<p>Projekt mit der IKK:<a href=\"https:\/\/lernspatzen.de\/?page_id=182\"> &#8222;Beweg dich, Schule!&#8220;<\/a><\/p>\n","protected":false},"excerpt":{"rendered":"<p>das Aktuellste finden Sie immer auf der Startseite, Danke&#8230; Ich m\u00f6chte Sie weiterhin dar\u00fcber informieren, dass wir uns nach mehreren Gespr\u00e4chen im Kollegium, im F\u00f6rderverein, mit dem Schultr\u00e4ger und dem Gesundheitsamt dazu entschlossen haben, das Weihnachtsprogramm f\u00fcr die Eltern abzusagen. Die pandemiebedingten Auflagen, die f\u00fcr die Durchf\u00fchrung der Veranstaltungen n\u00f6tig w\u00e4ren, sind in der momentanen [&hellip;]<\/p>\n","protected":false},"author":1,"featured_media":0,"parent":0,"menu_order":0,"comment_status":"closed","ping_status":"closed","template":"","meta":{"footnotes":""},"class_list":["post-158","page","type-page","status-publish","hentry"],"_links":{"self":[{"href":"https:\/\/lernspatzen.de\/index.php?rest_route=\/wp\/v2\/pages\/158","targetHints":{"allow":["GET"]}}],"collection":[{"href":"https:\/\/lernspatzen.de\/index.php?rest_route=\/wp\/v2\/pages"}],"about":[{"href":"https:\/\/lernspatzen.de\/index.php?rest_route=\/wp\/v2\/types\/page"}],"author":[{"embeddable":true,"href":"https:\/\/lernspatzen.de\/index.php?rest_route=\/wp\/v2\/users\/1"}],"replies":[{"embeddable":true,"href":"https:\/\/lernspatzen.de\/index.php?rest_route=%2Fwp%2Fv2%2Fcomments&post=158"}],"version-history":[{"count":16,"href":"https:\/\/lernspatzen.de\/index.php?rest_route=\/wp\/v2\/pages\/158\/revisions"}],"predecessor-version":[{"id":1794,"href":"https:\/\/lernspatzen.de\/index.php?rest_route=\/wp\/v2\/pages\/158\/revisions\/1794"}],"wp:attachment":[{"href":"https:\/\/lernspatzen.de\/index.php?rest_route=%2Fwp%2Fv2%2Fmedia&parent=158"}],"curies":[{"name":"wp","href":"https:\/\/api.w.org\/{rel}","templated":true}]}}