{"id":1570,"date":"2021-06-29T09:31:20","date_gmt":"2021-06-29T09:31:20","guid":{"rendered":"https:\/\/lernspatzen.de\/?page_id=1570"},"modified":"2021-06-29T09:46:24","modified_gmt":"2021-06-29T09:46:24","slug":"kickboxen","status":"publish","type":"page","link":"https:\/\/lernspatzen.de\/?page_id=1570","title":{"rendered":"Kickboxen"},"content":{"rendered":"\n<p>Die 1. Schnupperstunde \u201eKickboxen\u201c fand am 23. Juni 2021 statt. <br>Trainer war der mehrfache Weltmeister John Kallenbach mit Unterst\u00fctzung von seinem ebenfalls sehr erfolgreichen Sch\u00fcler Leon Schrock, der bereits einen Titel im Amateurbereich holte.<\/p>\n\n\n\n<p>Seit 8 Monaten warten die Sch\u00fclerinnen und Sch\u00fcler (SuS) sehns\u00fcchtig auf diesen Tag. Die Termine standen schon im Oktober 2020 fest, die Eltern hatten die Kinder bereits f\u00fcrs Schnuppertraining angemeldet und dann funkte wieder einmal Corona dazwischen\u2026<\/p>\n\n\n\n<p>Regelm\u00e4\u00dfig schauten SuS bei mir vorbei und fragten traurig nach, wann denn endlich Kickboxen sei. Eigentlich glaubte auch keiner mehr daran, dass es in diesem Schuljahr noch umgesetzt werden d\u00fcrfe und dann ging alles sehr schnell\u2026<\/p>\n\n\n\n<p>Fast 50 SuS in zwei Durchg\u00e4ngen durften sich im Kickboxen ausprobieren und hatten offensichtlich sehr viel Spa\u00df dabei. Wert wird im Training auf Teamarbeit und Fairness, aber auch Disziplin gelegt. <br>\u201eKinder m\u00fcssen sich regelm\u00e4\u00dfig auspowern\u201c, meint John Kallenbach dazu.&nbsp;<\/p>\n\n\n\n<p>Nun freuen sich alle auf die 2. Schnupperstunde im Juli 2021 und noch viel mehr auf die w\u00f6chentliche Kickbox-AG, die ab September in unserer Grundschule zum festen Angebot geh\u00f6ren soll.<\/p>\n\n\n\n<p>Eure Schuso:)))<\/p>\n\n\n\n<figure class=\"wp-block-video\"><video height=\"1080\" style=\"aspect-ratio: 1920 \/ 1080;\" width=\"1920\" controls src=\"https:\/\/lernspatzen.de\/wp-content\/uploads\/2021\/06\/VID_20210623_131719.mp4\"><\/video><\/figure>\n","protected":false},"excerpt":{"rendered":"<p>Die 1. Schnupperstunde \u201eKickboxen\u201c fand am 23. Juni 2021 statt. Trainer war der mehrfache Weltmeister John Kallenbach mit Unterst\u00fctzung von seinem ebenfalls sehr erfolgreichen Sch\u00fcler Leon Schrock, der bereits einen Titel im Amateurbereich holte. Seit 8 Monaten warten die Sch\u00fclerinnen und Sch\u00fcler (SuS) sehns\u00fcchtig auf diesen Tag. Die Termine standen schon im Oktober 2020 fest, [&hellip;]<\/p>\n","protected":false},"author":1,"featured_media":0,"parent":0,"menu_order":0,"comment_status":"closed","ping_status":"closed","template":"","meta":{"footnotes":""},"class_list":["post-1570","page","type-page","status-publish","hentry"],"_links":{"self":[{"href":"https:\/\/lernspatzen.de\/index.php?rest_route=\/wp\/v2\/pages\/1570","targetHints":{"allow":["GET"]}}],"collection":[{"href":"https:\/\/lernspatzen.de\/index.php?rest_route=\/wp\/v2\/pages"}],"about":[{"href":"https:\/\/lernspatzen.de\/index.php?rest_route=\/wp\/v2\/types\/page"}],"author":[{"embeddable":true,"href":"https:\/\/lernspatzen.de\/index.php?rest_route=\/wp\/v2\/users\/1"}],"replies":[{"embeddable":true,"href":"https:\/\/lernspatzen.de\/index.php?rest_route=%2Fwp%2Fv2%2Fcomments&post=1570"}],"version-history":[{"count":4,"href":"https:\/\/lernspatzen.de\/index.php?rest_route=\/wp\/v2\/pages\/1570\/revisions"}],"predecessor-version":[{"id":1580,"href":"https:\/\/lernspatzen.de\/index.php?rest_route=\/wp\/v2\/pages\/1570\/revisions\/1580"}],"wp:attachment":[{"href":"https:\/\/lernspatzen.de\/index.php?rest_route=%2Fwp%2Fv2%2Fmedia&parent=1570"}],"curies":[{"name":"wp","href":"https:\/\/api.w.org\/{rel}","templated":true}]}}