{"id":154,"date":"2019-11-15T12:19:26","date_gmt":"2019-11-15T12:19:26","guid":{"rendered":"https:\/\/lernspatzen.de\/?page_id=154"},"modified":"2020-09-10T11:00:04","modified_gmt":"2020-09-10T11:00:04","slug":"traditionen","status":"publish","type":"page","link":"https:\/\/lernspatzen.de\/?page_id=154","title":{"rendered":"Traditionen"},"content":{"rendered":"\n<p>Projekte:<\/p>\n\n\n\n<ul class=\"wp-block-list\"><li><a href=\"https:\/\/lernspatzen.de\/?page_id=174\">Herbstfest<\/a><\/li><li><a href=\"https:\/\/lernspatzen.de\/?page_id=178\">Weihnachten<\/a><\/li><li><a href=\"https:\/\/lernspatzen.de\/?page_id=180\">Ostern<\/a><\/li><li><a href=\"https:\/\/lernspatzen.de\/?page_id=176\">gesunde Lebensweise<\/a><\/li><\/ul>\n\n\n\n<p><a href=\"https:\/\/lernspatzen.de\/?page_id=184\">Streitschlichter<\/a><br><a href=\"https:\/\/lernspatzen.de\/?page_id=182\">Beweg dich, Schule<\/a><\/p>\n\n\n\n<p><strong>Martinstag<\/strong><\/p>\n\n\n\n<p>Seit \u00fcber 15 Jahren ist es an unserer Schule zur Tradition geworden, den Martinstag zu feiern. <\/p>\n\n\n\n<figure class=\"wp-block-image\"><img loading=\"lazy\" decoding=\"async\" width=\"1024\" height=\"768\" src=\"https:\/\/lernspatzen.de\/wp-content\/uploads\/2020\/01\/IMG_20181108_184008-1024x768.jpg\" alt=\"\" class=\"wp-image-489\" srcset=\"https:\/\/lernspatzen.de\/wp-content\/uploads\/2020\/01\/IMG_20181108_184008-1024x768.jpg 1024w, https:\/\/lernspatzen.de\/wp-content\/uploads\/2020\/01\/IMG_20181108_184008-300x225.jpg 300w, https:\/\/lernspatzen.de\/wp-content\/uploads\/2020\/01\/IMG_20181108_184008-768x576.jpg 768w, https:\/\/lernspatzen.de\/wp-content\/uploads\/2020\/01\/IMG_20181108_184008-500x375.jpg 500w\" sizes=\"auto, (max-width: 1024px) 100vw, 1024px\" \/><\/figure>\n\n\n\n<p>Nicht\nweniger wichtig als im 4. Jahrhundert ist die N\u00e4chstenliebe in der heutigen\nZeit. Im Ethikunterricht erfahren die Kinder, wer der Heilige Martin eigentlich\nwar, wie er gelebt und was er getan hat und warum wir ihn heute noch ehren. <\/p>\n\n\n\n<p>Zwischen dem 8. (dem eigentlichen Todestag) und dem 11. November (wird heute Martinstag gefeiert) treffen sich die Sch\u00fcler mit ihren Eltern, Geschwistern und Gro\u00dfeltern auf dem Schulhof der Grundschule. Angef\u00fchrt von der Schallmeinkapelle Kamsdorf startet ein gro\u00dfer Fackel\/ Lampionumzug durch die Stra\u00dfen von Gorndorf. Zum Abschluss gibt es f\u00fcr alle leckere Bratw\u00fcrste und hei\u00dfe Getr\u00e4nke.<\/p>\n\n\n\n<figure class=\"wp-block-image\"><img loading=\"lazy\" decoding=\"async\" width=\"1024\" height=\"768\" src=\"https:\/\/lernspatzen.de\/wp-content\/uploads\/2020\/01\/IMG_20191107_183753-1024x768.jpg\" alt=\"\" class=\"wp-image-488\" srcset=\"https:\/\/lernspatzen.de\/wp-content\/uploads\/2020\/01\/IMG_20191107_183753-1024x768.jpg 1024w, https:\/\/lernspatzen.de\/wp-content\/uploads\/2020\/01\/IMG_20191107_183753-300x225.jpg 300w, https:\/\/lernspatzen.de\/wp-content\/uploads\/2020\/01\/IMG_20191107_183753-768x576.jpg 768w, https:\/\/lernspatzen.de\/wp-content\/uploads\/2020\/01\/IMG_20191107_183753-500x375.jpg 500w\" sizes=\"auto, (max-width: 1024px) 100vw, 1024px\" \/><\/figure>\n","protected":false},"excerpt":{"rendered":"<p>Projekte: Herbstfest Weihnachten Ostern gesunde Lebensweise StreitschlichterBeweg dich, Schule Martinstag Seit \u00fcber 15 Jahren ist es an unserer Schule zur Tradition geworden, den Martinstag zu feiern. Nicht weniger wichtig als im 4. Jahrhundert ist die N\u00e4chstenliebe in der heutigen Zeit. Im Ethikunterricht erfahren die Kinder, wer der Heilige Martin eigentlich war, wie er gelebt und [&hellip;]<\/p>\n","protected":false},"author":1,"featured_media":0,"parent":0,"menu_order":0,"comment_status":"closed","ping_status":"closed","template":"","meta":{"footnotes":""},"class_list":["post-154","page","type-page","status-publish","hentry"],"_links":{"self":[{"href":"https:\/\/lernspatzen.de\/index.php?rest_route=\/wp\/v2\/pages\/154","targetHints":{"allow":["GET"]}}],"collection":[{"href":"https:\/\/lernspatzen.de\/index.php?rest_route=\/wp\/v2\/pages"}],"about":[{"href":"https:\/\/lernspatzen.de\/index.php?rest_route=\/wp\/v2\/types\/page"}],"author":[{"embeddable":true,"href":"https:\/\/lernspatzen.de\/index.php?rest_route=\/wp\/v2\/users\/1"}],"replies":[{"embeddable":true,"href":"https:\/\/lernspatzen.de\/index.php?rest_route=%2Fwp%2Fv2%2Fcomments&post=154"}],"version-history":[{"count":7,"href":"https:\/\/lernspatzen.de\/index.php?rest_route=\/wp\/v2\/pages\/154\/revisions"}],"predecessor-version":[{"id":857,"href":"https:\/\/lernspatzen.de\/index.php?rest_route=\/wp\/v2\/pages\/154\/revisions\/857"}],"wp:attachment":[{"href":"https:\/\/lernspatzen.de\/index.php?rest_route=%2Fwp%2Fv2%2Fmedia&parent=154"}],"curies":[{"name":"wp","href":"https:\/\/api.w.org\/{rel}","templated":true}]}}