{"id":152,"date":"2019-11-15T12:19:04","date_gmt":"2019-11-15T12:19:04","guid":{"rendered":"https:\/\/lernspatzen.de\/?page_id=152"},"modified":"2020-08-15T16:18:38","modified_gmt":"2020-08-15T16:18:38","slug":"schulkonferenz","status":"publish","type":"page","link":"https:\/\/lernspatzen.de\/?page_id=152","title":{"rendered":"Zur Geschichte"},"content":{"rendered":"\n<p>Das Geb\u00e4ude der jetzigen Grundschule in Gorndorf\u00a0 wurde 1967 fertiggestellt.<\/p>\n\n\n\n<figure class=\"wp-block-image\"><img loading=\"lazy\" decoding=\"async\" width=\"960\" height=\"502\" src=\"https:\/\/lernspatzen.de\/wp-content\/uploads\/2020\/08\/FB_IMG_1597504558360.jpg\" alt=\"\" class=\"wp-image-719\" srcset=\"https:\/\/lernspatzen.de\/wp-content\/uploads\/2020\/08\/FB_IMG_1597504558360.jpg 960w, https:\/\/lernspatzen.de\/wp-content\/uploads\/2020\/08\/FB_IMG_1597504558360-300x157.jpg 300w, https:\/\/lernspatzen.de\/wp-content\/uploads\/2020\/08\/FB_IMG_1597504558360-768x402.jpg 768w, https:\/\/lernspatzen.de\/wp-content\/uploads\/2020\/08\/FB_IMG_1597504558360-500x261.jpg 500w\" sizes=\"auto, (max-width: 960px) 100vw, 960px\" \/><\/figure>\n\n\n\n<p>Bis 1991\u00a0 lernten die Sch\u00fclerinnen und Sch\u00fcler von der 1. bis 10. Klasse in der Polytechnischen Oberschule. Von 1991 bis 1998 waren die Geb\u00e4ude in der jetzigen Albert-Schweitzer-Str.130 und 148 Lernort f\u00fcr die Kinder im Grund- und Regelschulbereich gleicherma\u00dfen. Der schrittweise \u00dcbergang zu einem reinen Grund- und Regelschulgeb\u00e4ude wurde 1999 abgeschlossen. <\/p>\n\n\n\n<p>Somit bietet\nGorndorf derzeit f\u00fcr alle Kinder die M\u00f6glichkeit, wohnortnah eine\nKindereinrichtung oder Schule zu besuchen.<\/p>\n\n\n\n<p>Die\nKindertageseinrichtungen Regenbogen und Spatzennest betreuen die M\u00e4dchen und\nJungen bis zum Schuleintritt. Die Grundschule mit derzeit 125 Sch\u00fclern befindet\nsich in der Albert-Schweitzer Str.130. Als weiterf\u00fchrende Schulen sind die\nRegelschule \u201eAlbert Schweitzer\u201c und das \u201eErasmus Reinhold Gymnasium\u201c\nortsans\u00e4ssig. Ebenfalls in Gorndorf befinden sich die F\u00f6rderschule mit dem\nSchwerpunkt Geistige Entwicklung, eine Tagesgruppe und eine Kinder- Wohngruppe.<\/p>\n","protected":false},"excerpt":{"rendered":"<p>Das Geb\u00e4ude der jetzigen Grundschule in Gorndorf\u00a0 wurde 1967 fertiggestellt. Bis 1991\u00a0 lernten die Sch\u00fclerinnen und Sch\u00fcler von der 1. bis 10. Klasse in der Polytechnischen Oberschule. Von 1991 bis 1998 waren die Geb\u00e4ude in der jetzigen Albert-Schweitzer-Str.130 und 148 Lernort f\u00fcr die Kinder im Grund- und Regelschulbereich gleicherma\u00dfen. Der schrittweise \u00dcbergang zu einem reinen [&hellip;]<\/p>\n","protected":false},"author":1,"featured_media":0,"parent":0,"menu_order":0,"comment_status":"closed","ping_status":"closed","template":"","meta":{"footnotes":""},"class_list":["post-152","page","type-page","status-publish","hentry"],"_links":{"self":[{"href":"https:\/\/lernspatzen.de\/index.php?rest_route=\/wp\/v2\/pages\/152","targetHints":{"allow":["GET"]}}],"collection":[{"href":"https:\/\/lernspatzen.de\/index.php?rest_route=\/wp\/v2\/pages"}],"about":[{"href":"https:\/\/lernspatzen.de\/index.php?rest_route=\/wp\/v2\/types\/page"}],"author":[{"embeddable":true,"href":"https:\/\/lernspatzen.de\/index.php?rest_route=\/wp\/v2\/users\/1"}],"replies":[{"embeddable":true,"href":"https:\/\/lernspatzen.de\/index.php?rest_route=%2Fwp%2Fv2%2Fcomments&post=152"}],"version-history":[{"count":4,"href":"https:\/\/lernspatzen.de\/index.php?rest_route=\/wp\/v2\/pages\/152\/revisions"}],"predecessor-version":[{"id":720,"href":"https:\/\/lernspatzen.de\/index.php?rest_route=\/wp\/v2\/pages\/152\/revisions\/720"}],"wp:attachment":[{"href":"https:\/\/lernspatzen.de\/index.php?rest_route=%2Fwp%2Fv2%2Fmedia&parent=152"}],"curies":[{"name":"wp","href":"https:\/\/api.w.org\/{rel}","templated":true}]}}