{"id":150,"date":"2019-11-15T12:18:33","date_gmt":"2019-11-15T12:18:33","guid":{"rendered":"https:\/\/lernspatzen.de\/?page_id=150"},"modified":"2023-02-24T08:18:58","modified_gmt":"2023-02-24T08:18:58","slug":"schueler","status":"publish","type":"page","link":"https:\/\/lernspatzen.de\/?page_id=150","title":{"rendered":"Unsere Klassen"},"content":{"rendered":"\n<p>An unserer\nGrundschule lernen 124 M\u00e4dchen und Jungen in 7 altershomogenen Klassen.<\/p>\n\n\n\n<p><strong>Schuleingangsphase (SEPH)<\/strong><\/p>\n\n\n\n<p>Die\nTh\u00fcringer Grundschule beginnt mit der Schuleingangsphase. Diese umfasst die 1.\nUnd 2. Klasse, die inhaltlich eine Einheit bildet. Ziel der SEPH ist es, allen\nSchulanf\u00e4ngern mit ihren individuellen Voraussetzungen und Bed\u00fcrfnissen gerecht\nzu werden und sie auf das weitere gemeinsame Lernen ab Klasse 3 vorzubereiten. <\/p>\n\n\n\n<p>In den\nTh\u00fcringer Lehrpl\u00e4nen sind die Lernziele f\u00fcr die SEPH festgelegt. Diese werden\nin der Regel nach zwei Jahren erreicht. Je nach dem Entwicklungsstand der\nKinder ist das aber auch nach einem oder nach drei Jahren m\u00f6glich. \u00dcber eine\nVerk\u00fcrzung oder Verl\u00e4ngerung der SEPH entscheidet die Klassenkonferenz nach\nBeratung mit den Eltern.<\/p>\n\n\n\n<p>In der SEPH\nerfolgt auf dem Zeugnis eine verbale Einsch\u00e4tzung der schulischen Leistungen,\nes werden keine Noten vergeben. <\/p>\n\n\n\n<p>Die LehrerInnen f\u00fchren in der Regel die Klassen in der SEPH 2 Jahre.<\/p>\n\n\n\n<p><strong>Klasse 3<\/strong><\/p>\n\n\n\n<p>Im 3.\nSchuljahr wechselt in der Regel der Klassenleiter. <\/p>\n\n\n\n<p>Die\nSch\u00fclerInnen bekommen f\u00fcr ihre gezeigten Leistungen Noten. Es beginnen der\nEnglisch- und der Schwimmunterricht. Mitte des 2. Schulhalbjahres schreiben die\nDrittkl\u00e4ssler den Th\u00fcringer Kompetenztest in Mathematik und Deutsch. <\/p>\n\n\n\n<p>In Klasse 3 gibt es keinen Versetzungsvermerk.<\/p>\n\n\n\n<p><strong>Klasse 4<\/strong><\/p>\n\n\n\n<p>Im 4.\nSchuljahr begleitet die Lehrerin die Klasse weiter und bereitet die\nSch\u00fclerInnen auf die weiterf\u00fchrende Schule vor. <\/p>\n\n\n\n<p>Mit dem\nHalbjahreszeugnis muss die Entscheidung f\u00fcr die weitere Schullaufbahn gef\u00e4llt\nwerden. Klassenleiter und Beratungslehrer beraten Sie gern. Die Klasse 4\nbesucht die RS Gorndorf und das ERG zu einem Schnuppertag. <\/p>\n\n\n\n<p>\u00dcber alle\nTermine der weiterf\u00fchrenden Schulen werden Sie informiert.<\/p>\n\n\n\n<p>Unseren ehemaligen Sch\u00fclerinnen und Sch\u00fclern der Klasse 4 w\u00fcnschen wir an den weiterf\u00fchrenden Schulen viel Erfolg!<\/p>\n","protected":false},"excerpt":{"rendered":"<p>An unserer Grundschule lernen 124 M\u00e4dchen und Jungen in 7 altershomogenen Klassen. Schuleingangsphase (SEPH) Die Th\u00fcringer Grundschule beginnt mit der Schuleingangsphase. Diese umfasst die 1. Und 2. Klasse, die inhaltlich eine Einheit bildet. Ziel der SEPH ist es, allen Schulanf\u00e4ngern mit ihren individuellen Voraussetzungen und Bed\u00fcrfnissen gerecht zu werden und sie auf das weitere gemeinsame [&hellip;]<\/p>\n","protected":false},"author":1,"featured_media":0,"parent":0,"menu_order":0,"comment_status":"closed","ping_status":"closed","template":"","meta":{"footnotes":""},"class_list":["post-150","page","type-page","status-publish","hentry"],"_links":{"self":[{"href":"https:\/\/lernspatzen.de\/index.php?rest_route=\/wp\/v2\/pages\/150","targetHints":{"allow":["GET"]}}],"collection":[{"href":"https:\/\/lernspatzen.de\/index.php?rest_route=\/wp\/v2\/pages"}],"about":[{"href":"https:\/\/lernspatzen.de\/index.php?rest_route=\/wp\/v2\/types\/page"}],"author":[{"embeddable":true,"href":"https:\/\/lernspatzen.de\/index.php?rest_route=\/wp\/v2\/users\/1"}],"replies":[{"embeddable":true,"href":"https:\/\/lernspatzen.de\/index.php?rest_route=%2Fwp%2Fv2%2Fcomments&post=150"}],"version-history":[{"count":10,"href":"https:\/\/lernspatzen.de\/index.php?rest_route=\/wp\/v2\/pages\/150\/revisions"}],"predecessor-version":[{"id":2248,"href":"https:\/\/lernspatzen.de\/index.php?rest_route=\/wp\/v2\/pages\/150\/revisions\/2248"}],"wp:attachment":[{"href":"https:\/\/lernspatzen.de\/index.php?rest_route=%2Fwp%2Fv2%2Fmedia&parent=150"}],"curies":[{"name":"wp","href":"https:\/\/api.w.org\/{rel}","templated":true}]}}