{"id":1109,"date":"2020-12-02T09:54:12","date_gmt":"2020-12-02T09:54:12","guid":{"rendered":"https:\/\/lernspatzen.de\/?page_id=1109"},"modified":"2022-03-09T10:15:51","modified_gmt":"2022-03-09T10:15:51","slug":"informationen-zur-quarantaene","status":"publish","type":"page","link":"https:\/\/lernspatzen.de\/?page_id=1109","title":{"rendered":"Informationen zur Quarant\u00e4ne"},"content":{"rendered":"\n<h4 class=\"wp-block-heading\">Stand: 09.03.2022<br>Quelle: <a rel=\"noreferrer noopener\" href=\"https:\/\/www.kreis-slf.de\/landratsamt\/\" target=\"_blank\">Homepage Landkreis Saalfeld Rudolstadt: <br><\/a><br>Was tun bei Kontakt mit Infizierten und im Quarant\u00e4nefall?<\/h4>\n\n\n\n<p>Auf Grund der massiv gestiegenen Corona-F\u00e4lle im Landkreis Saalfeld-Rudolstadt ist es dem Gesundheitsamt nur noch m\u00f6glich direkt Betroffene (positiv auf das Corona-Virus Getestete und mit typischen Symptomen Erkrankte) zu kontaktieren.<\/p>\n\n\n\n<p>Kontaktpersonen k\u00f6nnen auf Grund der gro\u00dfen Zahl der F\u00e4lle aktuell nicht mehr kontaktiert werden.<\/p>\n\n\n\n<p>F\u00fcr Kontaktpersonen zu auf das Corona-Virus Getestete gelten trotzdem die Regelungen des \u00a79 der Th\u00fcringer SARS-CoV-2-Infektionsschutz-Ma\u00dfnahmenverordnung.<\/p>\n\n\n\n<h4 class=\"wp-block-heading\"><strong>Merkblatt zu Dauer von Quarant\u00e4ne und Isolation:<\/strong><\/h4>\n\n\n\n<p><a href=\"https:\/\/www.kreis-slf.de\/fileadmin\/user_upload\/Gesundheitsamt\/2022-03-01-Uebersicht-Quarantaene.pdf\" target=\"_blank\" rel=\"noreferrer noopener\">Quarant\u00e4ne- und Isolierungsdauern bei SARS-CoV-2-Expositionen und \u2013Infektionen<\/a><\/p>\n\n\n\n<p><strong>F\u00fcr Kontaktpersonen gilt somit ein hohes Ma\u00df an Eigenverantwortlichkeit.<\/strong><\/p>\n\n\n\n<p>Zur besseren Nachvollziehbarkeit sollte die Erkl\u00e4rung der Kontaktperson ebenfalls f\u00fcr alle Kontaktpersonen ausgef\u00fcllt und aufbewahrt werden.&nbsp;<a href=\"https:\/\/www.kreis-slf.de\/fileadmin\/user_upload\/Pressemitteilungen\/2021_PM_LRA\/2021_Corona_Formular_Erklaerung_Kontaktperson.pdf\" target=\"_blank\" rel=\"noreferrer noopener\">Das Formular k\u00f6nnen Sie hier herunterladen.<\/a><\/p>\n\n\n\n<h4 class=\"wp-block-heading\">Seit dem 7. M\u00e4rz ist die Kontaktverfolgung durch das Gesundheitsamt eingestellt!<\/h4>\n\n\n\n<p>Aufgrund des hohen Infektionsgeschehens im Landkreis mit einer 7-Tage-Inzidenz von \u00fcber 2.000 wurde die Kontaktverfolgung eingestellt. Ab sofort erh\u00e4lt jeder PCR-Positiv gemeldete Corona-Patient seinen Bescheid schriftlich per Post mit dem errechneten Datum nach dem PCR-Testergebnis. Eine vorherige Kontaktaufnahme durch das Gesundheitsamt mit Erfassung des Symptombeginns erfolgt nicht mehr.<\/p>\n\n\n\n<p>Grunds\u00e4tzlich gelten 10 Tage Quarant\u00e4ne f\u00fcr PCR-positiv getestete Personen ab dem Tag der PCR-Test-Abnahme. Eine Freitestung kann fr\u00fchestens ab Tag 7 nach dem PCR-Test erfolgen, mittels eines negativen zertifizierten Antigentests (B\u00fcrgertestzentrum) oder einem PCR-Test (Hausarzt). Eine Freitestung mit Selbsttest ist nicht m\u00f6glich (siehe Merkblatt oben).<\/p>\n\n\n\n<p>Sollte aufgrund eines fr\u00fcheren Erkrankungsbeginns eine \u00c4nderung des Quarant\u00e4nezeitraums erforderlich sein, kann man dies nach Erhalt des schriftlichen Quarant\u00e4nebescheides \u00fcber&nbsp;<a href=\"mailto:kontaktnachverfolgung@kreis-slf.de\">kontaktnachverfolgung@kreis-slf.de<\/a>&nbsp;den Bearbeitern mitteilen. Das Gesundheitsamt nimmt dann Kontakt zu den Betroffenen auf. Eine Korrektur des Quarant\u00e4nezeitraums ist aufgrund des enormen Arbeitsaufkommens vor Versendung des Bescheides nicht m\u00f6glich. Die Email-Adressen&nbsp;<strong>corona@kreis-slf.de<\/strong>&nbsp;und&nbsp;<strong>genesungsnachweis@kreis-slf.de<\/strong>&nbsp;werden weiterhin von den Mitarbeitern des Gesundheitsamts bearbeitet und Fragen sowie Anliegen beantwortet.<\/p>\n\n\n\n<p>Wir bitten daher darum, nur in dringendsten F\u00e4llen das Gesundheitsamt eigenst\u00e4ndig telefonisch zu kontaktieren.<\/p>\n\n\n\n<p><strong>Corona-Hotline: 03671-823 823<\/strong><\/p>\n\n\n\n<p>Mo-Do: 8- 16 Uhr<\/p>\n\n\n\n<p>Fr: 8-12 Uhr<\/p>\n\n\n\n<p>Weitere Informationen und die tagesaktuellen Werte f\u00fcr alle Landkreise in Th\u00fcringen finden Sie beim&nbsp;<a rel=\"noreferrer noopener\" href=\"https:\/\/www.tmasgff.de\/infektionslage\" target=\"_blank\">Th\u00fcringer Ministerium f\u00fcr Arbeit, Soziales, Gesundheit, Frauen und Familie<\/a>.<\/p>\n","protected":false},"excerpt":{"rendered":"<p>Stand: 09.03.2022Quelle: Homepage Landkreis Saalfeld Rudolstadt: Was tun bei Kontakt mit Infizierten und im Quarant\u00e4nefall? Auf Grund der massiv gestiegenen Corona-F\u00e4lle im Landkreis Saalfeld-Rudolstadt ist es dem Gesundheitsamt nur noch m\u00f6glich direkt Betroffene (positiv auf das Corona-Virus Getestete und mit typischen Symptomen Erkrankte) zu kontaktieren. Kontaktpersonen k\u00f6nnen auf Grund der gro\u00dfen Zahl der F\u00e4lle aktuell [&hellip;]<\/p>\n","protected":false},"author":1,"featured_media":0,"parent":0,"menu_order":0,"comment_status":"closed","ping_status":"closed","template":"","meta":{"footnotes":""},"class_list":["post-1109","page","type-page","status-publish","hentry"],"_links":{"self":[{"href":"https:\/\/lernspatzen.de\/index.php?rest_route=\/wp\/v2\/pages\/1109","targetHints":{"allow":["GET"]}}],"collection":[{"href":"https:\/\/lernspatzen.de\/index.php?rest_route=\/wp\/v2\/pages"}],"about":[{"href":"https:\/\/lernspatzen.de\/index.php?rest_route=\/wp\/v2\/types\/page"}],"author":[{"embeddable":true,"href":"https:\/\/lernspatzen.de\/index.php?rest_route=\/wp\/v2\/users\/1"}],"replies":[{"embeddable":true,"href":"https:\/\/lernspatzen.de\/index.php?rest_route=%2Fwp%2Fv2%2Fcomments&post=1109"}],"version-history":[{"count":18,"href":"https:\/\/lernspatzen.de\/index.php?rest_route=\/wp\/v2\/pages\/1109\/revisions"}],"predecessor-version":[{"id":1878,"href":"https:\/\/lernspatzen.de\/index.php?rest_route=\/wp\/v2\/pages\/1109\/revisions\/1878"}],"wp:attachment":[{"href":"https:\/\/lernspatzen.de\/index.php?rest_route=%2Fwp%2Fv2%2Fmedia&parent=1109"}],"curies":[{"name":"wp","href":"https:\/\/api.w.org\/{rel}","templated":true}]}}