{"id":105,"date":"2019-11-01T10:32:13","date_gmt":"2019-11-01T10:32:13","guid":{"rendered":"https:\/\/lernspatzen.de\/?page_id=105"},"modified":"2020-09-15T11:34:37","modified_gmt":"2020-09-15T11:34:37","slug":"kontakt","status":"publish","type":"page","link":"https:\/\/lernspatzen.de\/?page_id=105","title":{"rendered":"Kontakt"},"content":{"rendered":"\n<p>Grundschule &#8222;Am roten Berg&#8220;<br>Albert-Schweitzer-Str. 130<br>07318 Saalfeld<br>Tel: 03671 \/ 641001<br>Fax: 03671 \/ 672500<br>Hort Tel: 03671 \/ 672501<br>info@lernspatzen.de<\/p>\n\n\n\n\n<div class=\"wpcf7 no-js\" id=\"wpcf7-f109-o1\" lang=\"de-DE\" dir=\"ltr\">\n<div class=\"screen-reader-response\"><p role=\"status\" aria-live=\"polite\" aria-atomic=\"true\"><\/p> <ul><\/ul><\/div>\n<form action=\"\/index.php?rest_route=%2Fwp%2Fv2%2Fpages%2F105#wpcf7-f109-o1\" method=\"post\" class=\"wpcf7-form init\" aria-label=\"Kontaktformular\" novalidate=\"novalidate\" data-status=\"init\">\n<div style=\"display: none;\">\n<input type=\"hidden\" name=\"_wpcf7\" value=\"109\" \/>\n<input type=\"hidden\" name=\"_wpcf7_version\" value=\"5.8.3\" \/>\n<input type=\"hidden\" name=\"_wpcf7_locale\" value=\"de_DE\" \/>\n<input type=\"hidden\" name=\"_wpcf7_unit_tag\" value=\"wpcf7-f109-o1\" \/>\n<input type=\"hidden\" name=\"_wpcf7_container_post\" value=\"0\" \/>\n<input type=\"hidden\" name=\"_wpcf7_posted_data_hash\" value=\"\" \/>\n<\/div>\n<p><label> Dein Name (Pflichtfeld)<br \/>\n<span class=\"wpcf7-form-control-wrap\" data-name=\"your-name\"><input size=\"22\" class=\"wpcf7-form-control wpcf7-text wpcf7-validates-as-required\" aria-required=\"true\" aria-invalid=\"false\" value=\"\" type=\"text\" name=\"your-name\" \/><\/span> <\/label>\n<\/p>\n<p><label> Deine E-Mail-Adresse (Pflichtfeld)<br \/>\n<span class=\"wpcf7-form-control-wrap\" data-name=\"your-email\"><input size=\"22\" class=\"wpcf7-form-control wpcf7-email wpcf7-validates-as-required wpcf7-text wpcf7-validates-as-email\" aria-required=\"true\" aria-invalid=\"false\" value=\"\" type=\"email\" name=\"your-email\" \/><\/span> <\/label>\n<\/p>\n<p><label> Betreff<br \/>\n<span class=\"wpcf7-form-control-wrap\" data-name=\"your-subject\"><input size=\"22\" class=\"wpcf7-form-control wpcf7-text\" aria-invalid=\"false\" value=\"\" type=\"text\" name=\"your-subject\" \/><\/span> <\/label>\n<\/p>\n<p><label> Deine Nachricht<br \/>\n<span class=\"wpcf7-form-control-wrap\" data-name=\"your-message\"><textarea cols=\"40\" rows=\"10\" class=\"wpcf7-form-control wpcf7-textarea\" aria-invalid=\"false\" name=\"your-message\"><\/textarea><\/span> <\/label>\n<\/p>\n<div class=\"uk-grid uk-grid-width-1-1\">\n\t<p>Datenschutz:\n\t<\/p>\n<\/div>\n<div class=\"uk-grid uk-grid-width-medium-1-2\">\n\t<div class=\"uk-form-row\">\n\t\t<p><span class=\"wpcf7-form-control-wrap\" data-name=\"checkbox-836\"><span class=\"wpcf7-form-control wpcf7-checkbox wpcf7-validates-as-required\"><span class=\"wpcf7-list-item first last\"><span class=\"wpcf7-list-item-label\">Datenschutz gelesen<\/span><input type=\"checkbox\" name=\"checkbox-836[]\" value=\"Datenschutz gelesen\" \/><\/span><\/span><\/span><span class=\"wpcf7-form-control-wrap\" data-name=\"checkbox-764\"><span class=\"wpcf7-form-control wpcf7-checkbox wpcf7-validates-as-required\"><span class=\"wpcf7-list-item first last\"><span class=\"wpcf7-list-item-label\">Datenschutz akzeptiert<\/span><input type=\"checkbox\" name=\"checkbox-764[]\" value=\"Datenschutz akzeptiert\" \/><\/span><\/span><\/span>\n\t\t<\/p>\n\t<\/div>\n<\/div>\n<div class=\"uk-grid uk-grid-width-1-1\" style=\"padding-bottom:20px;padding-top:20px;\">\n\t<p>Datenschutzhinweis: Wir ben\u00f6tigen Ihren Namen und Ihre Kontaktdaten, um Sie ansprechen und Ihnen auf Ihre Anfrage antworten zu k\u00f6nnen. Ihre Anfrage wird verschl\u00fcsselt \u00fcbertragen. Sie erkl\u00e4ren sich damit einverstanden, dass wir Ihre Angaben zur Beantwortung Ihrer Anfrage verwenden d\u00fcrfen. Weitere Informationen zum Datenschutz finden Sie im Men\u00fc unter <a href=\"https:\/\/lernspatzen.de\/?page_id=48\">\"Datenschutz\".<\/a>\n\t<\/p>\n<\/div>\n<p><input class=\"wpcf7-form-control wpcf7-submit has-spinner\" type=\"submit\" value=\"Senden\" \/>\n<\/p><div class=\"wpcf7-response-output\" aria-hidden=\"true\"><\/div>\n<\/form>\n<\/div>\n\n","protected":false},"excerpt":{"rendered":"<p>Grundschule &#8222;Am roten Berg&#8220;Albert-Schweitzer-Str. 13007318 SaalfeldTel: 03671 \/ 641001Fax: 03671 \/ 672500Hort Tel: 03671 \/ 672501info@lernspatzen.de<\/p>\n","protected":false},"author":1,"featured_media":0,"parent":0,"menu_order":0,"comment_status":"closed","ping_status":"closed","template":"","meta":{"footnotes":""},"class_list":["post-105","page","type-page","status-publish","hentry"],"_links":{"self":[{"href":"https:\/\/lernspatzen.de\/index.php?rest_route=\/wp\/v2\/pages\/105","targetHints":{"allow":["GET"]}}],"collection":[{"href":"https:\/\/lernspatzen.de\/index.php?rest_route=\/wp\/v2\/pages"}],"about":[{"href":"https:\/\/lernspatzen.de\/index.php?rest_route=\/wp\/v2\/types\/page"}],"author":[{"embeddable":true,"href":"https:\/\/lernspatzen.de\/index.php?rest_route=\/wp\/v2\/users\/1"}],"replies":[{"embeddable":true,"href":"https:\/\/lernspatzen.de\/index.php?rest_route=%2Fwp%2Fv2%2Fcomments&post=105"}],"version-history":[{"count":5,"href":"https:\/\/lernspatzen.de\/index.php?rest_route=\/wp\/v2\/pages\/105\/revisions"}],"predecessor-version":[{"id":858,"href":"https:\/\/lernspatzen.de\/index.php?rest_route=\/wp\/v2\/pages\/105\/revisions\/858"}],"wp:attachment":[{"href":"https:\/\/lernspatzen.de\/index.php?rest_route=%2Fwp%2Fv2%2Fmedia&parent=105"}],"curies":[{"name":"wp","href":"https:\/\/api.w.org\/{rel}","templated":true}]}}